{"id":215,"date":"2017-11-03T00:40:33","date_gmt":"2017-11-03T00:40:33","guid":{"rendered":"http:\/\/localhost\/dulich12\/?page_id=215"},"modified":"2025-01-24T08:31:48","modified_gmt":"2025-01-24T08:31:48","slug":"phuong-thuc-thanh-toan","status":"publish","type":"page","link":"https:\/\/vinaticket.vn\/en\/phuong-thuc-thanh-toan","title":{"rendered":"Ph\u01b0\u01a1ng th\u1ee9c thanh to\u00e1n"},"content":{"rendered":"<table style=\"height: 85px; width: 100%; border-collapse: collapse; background-color: #fe7e01;\">\n<tbody>\n<tr>\n<td style=\"width: 100%;\">\n<h3 style=\"text-align: center;\"><span style=\"color: #ffffff; font-size: 115%;\"><strong>C\u00c1C H\u00ccNH TH\u1ee8C THANH TO\u00c1N T\u1ea0I vinaticket<\/strong><\/span><\/h3>\n<\/td>\n<\/tr>\n<\/tbody>\n<\/table>\n<h4><span style=\"font-size: 115%;\"><strong>1. Thanh to\u00e1n b\u1eb1ng ti\u1ec1n m\u1eb7t:<\/strong><\/span><\/h4>\n<p style=\"text-align: justify;\"><span style=\"font-size: 115%; color: #282828;\">Qu\u00fd kh\u00e1ch vui l\u00f2ng \u0111\u1ebfn Tr\u1ee5 s\u1edf v\u0103n ph\u00f2ng ch\u00ednh c\u1ee7a vinaticket t\u1ea1i \u0110i\u0323a chi\u0309: 41 Phan Tri\u00eam, Ho\u0300a Xu\u00e2n, C\u00e2\u0309m L\u1ec7, \u0110a\u0300 N\u0103\u0303ng \u0111\u1ec3 ti\u1ebfn h\u00e0nh thanh to\u00e1n.<\/span><\/p>\n<p style=\"text-align: justify;\"><span style=\"font-size: 115%;\"><strong><span style=\"color: #282828;\">2. Thanh to\u00e1n b\u1eb1ng chuy\u1ec3n kho\u1ea3n:<\/span><\/strong><\/span><\/p>\n<p style=\"text-align: justify;\"><span style=\"font-size: 115%; color: #282828;\"><strong>Account Name:<\/strong> VINAGO TRAVEL JOINT STOCK COMPANY<\/span><br \/><span style=\"font-size: 115%; color: #282828;\"><strong>Account Number:<\/strong> 5599966<\/span><br \/><span style=\"font-size: 115%; color: #282828;\"><strong>Ng\u00e2n h\u00e0ng:<\/strong> Ng\u00e2n h\u00e0ng TMCP \u00c1 Ch\u00e2u<\/span><\/p>","protected":false},"excerpt":{"rendered":"<p>C\u00c1C H\u00ccNH TH\u1ee8C THANH TO\u00c1N T\u1ea0I vinaticket 1. Thanh to\u00e1n b\u1eb1ng ti\u1ec1n m\u1eb7t: Qu\u00fd kh\u00e1ch vui l\u00f2ng \u0111\u1ebfn Tr\u1ee5 s\u1edf v\u0103n ph\u00f2ng ch\u00ednh c\u1ee7a vinaticket t\u1ea1i \u0110i\u0323a chi\u0309: 41 Phan Tri\u00eam, Ho\u0300a Xu\u00e2n, C\u00e2\u0309m L\u1ec7, \u0110a\u0300 N\u0103\u0303ng \u0111\u1ec3 ti\u1ebfn h\u00e0nh thanh to\u00e1n. 2. Thanh to\u00e1n b\u1eb1ng chuy\u1ec3n kho\u1ea3n: T\u00ean t\u00e0i kho\u1ea3n: C\u00d4NG TY C\u1ed4 PH\u1ea6N&#8230;<\/p>","protected":false},"author":1,"featured_media":0,"parent":0,"menu_order":0,"comment_status":"closed","ping_status":"closed","template":"page-right-sidebar.php","meta":{"_acf_changed":false,"footnotes":""},"class_list":["post-215","page","type-page","status-publish","hentry"],"acf":[],"yoast_head":"<!-- This site is optimized with the Yoast SEO Premium plugin v22.3 (Yoast SEO v27.3) - https:\/\/yoast.com\/product\/yoast-seo-premium-wordpress\/ -->\n<title>Ph\u01b0\u01a1ng th\u1ee9c thanh to\u00e1n - VINATICKET<\/title>\n<meta name=\"robots\" content=\"index, follow, max-snippet:-1, max-image-preview:large, max-video-preview:-1\" \/>\n<link rel=\"canonical\" href=\"https:\/\/vinaticket.vn\/en\/phuong-thuc-thanh-toan\/\" \/>\n<meta property=\"og:locale\" content=\"en_US\" \/>\n<meta property=\"og:type\" content=\"article\" \/>\n<meta property=\"og:title\" content=\"Ph\u01b0\u01a1ng th\u1ee9c thanh to\u00e1n\" \/>\n<meta property=\"og:description\" content=\"C\u00c1C H\u00ccNH TH\u1ee8C THANH TO\u00c1N T\u1ea0I vinaticket 1. Thanh to\u00e1n b\u1eb1ng ti\u1ec1n m\u1eb7t: Qu\u00fd kh\u00e1ch vui l\u00f2ng \u0111\u1ebfn Tr\u1ee5 s\u1edf v\u0103n ph\u00f2ng ch\u00ednh c\u1ee7a vinaticket t\u1ea1i \u0110i\u0323a chi\u0309: 41 Phan Tri\u00eam, Ho\u0300a Xu\u00e2n, C\u00e2\u0309m L\u1ec7, \u0110a\u0300 N\u0103\u0303ng \u0111\u1ec3 ti\u1ebfn h\u00e0nh thanh to\u00e1n. 2. Thanh to\u00e1n b\u1eb1ng chuy\u1ec3n kho\u1ea3n: T\u00ean t\u00e0i kho\u1ea3n: C\u00d4NG TY C\u1ed4 PH\u1ea6N...\" \/>\n<meta property=\"og:url\" content=\"https:\/\/vinaticket.vn\/en\/phuong-thuc-thanh-toan\/\" \/>\n<meta property=\"og:site_name\" content=\"VINATICKET\" \/>\n<meta property=\"article:publisher\" content=\"https:\/\/www.facebook.com\/vinago.tour\" \/>\n<meta property=\"article:modified_time\" content=\"2025-01-24T08:31:48+00:00\" \/>\n<meta name=\"twitter:card\" content=\"summary_large_image\" \/>\n<meta name=\"twitter:label1\" content=\"Est. reading time\" \/>\n\t<meta name=\"twitter:data1\" content=\"1 minute\" \/>\n<script type=\"application\/ld+json\" class=\"yoast-schema-graph\">{\"@context\":\"https:\\\/\\\/schema.org\",\"@graph\":[{\"@type\":\"WebPage\",\"@id\":\"https:\\\/\\\/vinaticket.vn\\\/phuong-thuc-thanh-toan\",\"url\":\"https:\\\/\\\/vinaticket.vn\\\/phuong-thuc-thanh-toan\",\"name\":\"Ph\u01b0\u01a1ng th\u1ee9c thanh to\u00e1n - VINATICKET\",\"isPartOf\":{\"@id\":\"https:\\\/\\\/vinaticket.vn\\\/#website\"},\"datePublished\":\"2017-11-03T00:40:33+00:00\",\"dateModified\":\"2025-01-24T08:31:48+00:00\",\"breadcrumb\":{\"@id\":\"https:\\\/\\\/vinaticket.vn\\\/phuong-thuc-thanh-toan#breadcrumb\"},\"inLanguage\":\"en-US\",\"potentialAction\":[{\"@type\":\"ReadAction\",\"target\":[\"https:\\\/\\\/vinaticket.vn\\\/phuong-thuc-thanh-toan\"]}]},{\"@type\":\"BreadcrumbList\",\"@id\":\"https:\\\/\\\/vinaticket.vn\\\/phuong-thuc-thanh-toan#breadcrumb\",\"itemListElement\":[{\"@type\":\"ListItem\",\"position\":1,\"name\":\"Home\",\"item\":\"https:\\\/\\\/vinaticket.vn\\\/\"},{\"@type\":\"ListItem\",\"position\":2,\"name\":\"Ph\u01b0\u01a1ng th\u1ee9c thanh to\u00e1n\"}]},{\"@type\":\"WebSite\",\"@id\":\"https:\\\/\\\/vinaticket.vn\\\/#website\",\"url\":\"https:\\\/\\\/vinaticket.vn\\\/\",\"name\":\"VINATICKET\",\"description\":\"H\u1ec7 th\u1ed1ng \u0111\u1eb7t v\u00e9 tr\u1ef1c tuy\u1ebfn\",\"publisher\":{\"@id\":\"https:\\\/\\\/vinaticket.vn\\\/#organization\"},\"potentialAction\":[{\"@type\":\"SearchAction\",\"target\":{\"@type\":\"EntryPoint\",\"urlTemplate\":\"https:\\\/\\\/vinaticket.vn\\\/?s={search_term_string}\"},\"query-input\":{\"@type\":\"PropertyValueSpecification\",\"valueRequired\":true,\"valueName\":\"search_term_string\"}}],\"inLanguage\":\"en-US\"},{\"@type\":\"Organization\",\"@id\":\"https:\\\/\\\/vinaticket.vn\\\/#organization\",\"name\":\"VINATICKET\",\"url\":\"https:\\\/\\\/vinaticket.vn\\\/\",\"logo\":{\"@type\":\"ImageObject\",\"inLanguage\":\"en-US\",\"@id\":\"https:\\\/\\\/vinaticket.vn\\\/#\\\/schema\\\/logo\\\/image\\\/\",\"url\":\"https:\\\/\\\/vinaticket.vn\\\/wp-content\\\/uploads\\\/vinaticket-logo-03.png\",\"contentUrl\":\"https:\\\/\\\/vinaticket.vn\\\/wp-content\\\/uploads\\\/vinaticket-logo-03.png\",\"width\":1200,\"height\":1200,\"caption\":\"VINATICKET\"},\"image\":{\"@id\":\"https:\\\/\\\/vinaticket.vn\\\/#\\\/schema\\\/logo\\\/image\\\/\"},\"sameAs\":[\"https:\\\/\\\/www.facebook.com\\\/vinago.tour\"]}]}<\/script>\n<!-- \/ Yoast SEO Premium plugin. -->","yoast_head_json":{"title":"Ph\u01b0\u01a1ng th\u1ee9c thanh to\u00e1n - VINATICKET","robots":{"index":"index","follow":"follow","max-snippet":"max-snippet:-1","max-image-preview":"max-image-preview:large","max-video-preview":"max-video-preview:-1"},"canonical":"https:\/\/vinaticket.vn\/en\/phuong-thuc-thanh-toan\/","og_locale":"en_US","og_type":"article","og_title":"Ph\u01b0\u01a1ng th\u1ee9c thanh to\u00e1n","og_description":"C\u00c1C H\u00ccNH TH\u1ee8C THANH TO\u00c1N T\u1ea0I vinaticket 1. Thanh to\u00e1n b\u1eb1ng ti\u1ec1n m\u1eb7t: Qu\u00fd kh\u00e1ch vui l\u00f2ng \u0111\u1ebfn Tr\u1ee5 s\u1edf v\u0103n ph\u00f2ng ch\u00ednh c\u1ee7a vinaticket t\u1ea1i \u0110i\u0323a chi\u0309: 41 Phan Tri\u00eam, Ho\u0300a Xu\u00e2n, C\u00e2\u0309m L\u1ec7, \u0110a\u0300 N\u0103\u0303ng \u0111\u1ec3 ti\u1ebfn h\u00e0nh thanh to\u00e1n. 2. Thanh to\u00e1n b\u1eb1ng chuy\u1ec3n kho\u1ea3n: T\u00ean t\u00e0i kho\u1ea3n: C\u00d4NG TY C\u1ed4 PH\u1ea6N...","og_url":"https:\/\/vinaticket.vn\/en\/phuong-thuc-thanh-toan\/","og_site_name":"VINATICKET","article_publisher":"https:\/\/www.facebook.com\/vinago.tour","article_modified_time":"2025-01-24T08:31:48+00:00","twitter_card":"summary_large_image","twitter_misc":{"Est. reading time":"1 minute"},"schema":{"@context":"https:\/\/schema.org","@graph":[{"@type":"WebPage","@id":"https:\/\/vinaticket.vn\/phuong-thuc-thanh-toan","url":"https:\/\/vinaticket.vn\/phuong-thuc-thanh-toan","name":"Ph\u01b0\u01a1ng th\u1ee9c thanh to\u00e1n - VINATICKET","isPartOf":{"@id":"https:\/\/vinaticket.vn\/#website"},"datePublished":"2017-11-03T00:40:33+00:00","dateModified":"2025-01-24T08:31:48+00:00","breadcrumb":{"@id":"https:\/\/vinaticket.vn\/phuong-thuc-thanh-toan#breadcrumb"},"inLanguage":"en-US","potentialAction":[{"@type":"ReadAction","target":["https:\/\/vinaticket.vn\/phuong-thuc-thanh-toan"]}]},{"@type":"BreadcrumbList","@id":"https:\/\/vinaticket.vn\/phuong-thuc-thanh-toan#breadcrumb","itemListElement":[{"@type":"ListItem","position":1,"name":"Home","item":"https:\/\/vinaticket.vn\/"},{"@type":"ListItem","position":2,"name":"Ph\u01b0\u01a1ng th\u1ee9c thanh to\u00e1n"}]},{"@type":"WebSite","@id":"https:\/\/vinaticket.vn\/#website","url":"https:\/\/vinaticket.vn\/","name":"VINATICKET","description":"H\u1ec7 th\u1ed1ng \u0111\u1eb7t v\u00e9 tr\u1ef1c tuy\u1ebfn","publisher":{"@id":"https:\/\/vinaticket.vn\/#organization"},"potentialAction":[{"@type":"SearchAction","target":{"@type":"EntryPoint","urlTemplate":"https:\/\/vinaticket.vn\/?s={search_term_string}"},"query-input":{"@type":"PropertyValueSpecification","valueRequired":true,"valueName":"search_term_string"}}],"inLanguage":"en-US"},{"@type":"Organization","@id":"https:\/\/vinaticket.vn\/#organization","name":"VINATICKET","url":"https:\/\/vinaticket.vn\/","logo":{"@type":"ImageObject","inLanguage":"en-US","@id":"https:\/\/vinaticket.vn\/#\/schema\/logo\/image\/","url":"https:\/\/vinaticket.vn\/wp-content\/uploads\/vinaticket-logo-03.png","contentUrl":"https:\/\/vinaticket.vn\/wp-content\/uploads\/vinaticket-logo-03.png","width":1200,"height":1200,"caption":"VINATICKET"},"image":{"@id":"https:\/\/vinaticket.vn\/#\/schema\/logo\/image\/"},"sameAs":["https:\/\/www.facebook.com\/vinago.tour"]}]}},"_links":{"self":[{"href":"https:\/\/vinaticket.vn\/en\/wp-json\/wp\/v2\/pages\/215","targetHints":{"allow":["GET"]}}],"collection":[{"href":"https:\/\/vinaticket.vn\/en\/wp-json\/wp\/v2\/pages"}],"about":[{"href":"https:\/\/vinaticket.vn\/en\/wp-json\/wp\/v2\/types\/page"}],"author":[{"embeddable":true,"href":"https:\/\/vinaticket.vn\/en\/wp-json\/wp\/v2\/users\/1"}],"replies":[{"embeddable":true,"href":"https:\/\/vinaticket.vn\/en\/wp-json\/wp\/v2\/comments?post=215"}],"version-history":[{"count":5,"href":"https:\/\/vinaticket.vn\/en\/wp-json\/wp\/v2\/pages\/215\/revisions"}],"predecessor-version":[{"id":3749,"href":"https:\/\/vinaticket.vn\/en\/wp-json\/wp\/v2\/pages\/215\/revisions\/3749"}],"wp:attachment":[{"href":"https:\/\/vinaticket.vn\/en\/wp-json\/wp\/v2\/media?parent=215"}],"curies":[{"name":"wp","href":"https:\/\/api.w.org\/{rel}","templated":true}]}}