{"id":491,"date":"2025-03-03T08:41:09","date_gmt":"2025-03-03T08:41:09","guid":{"rendered":"http:\/\/localhost\/dulich12\/?page_id=491"},"modified":"2025-09-22T04:16:51","modified_gmt":"2025-09-22T04:16:51","slug":"dieu-khoan-thanh-toan","status":"publish","type":"page","link":"https:\/\/vinaticket.vn\/en\/dieu-khoan-thanh-toan","title":{"rendered":"Payment Terms"},"content":{"rendered":"<p style=\"text-align: justify;\"><span style=\"font-size: 115%; color: #000000;\"><strong><em>Dear Valued Customers,<\/em><\/strong><\/span><\/p>\n<p style=\"text-align: justify;\"><span style=\"font-size: 115%; color: #000000;\"><em><span style=\"color: #164fa2;\"><strong>VINATICKET<\/strong><\/span> is the online booking platform of <span style=\"color: #004aad;\"><strong>VINAGO<\/strong><\/span> \u2013 a reputable travel company based in Da Nang. We sincerely thank you for choosing and trusting <span style=\"color: #004aad;\"><strong>VINAGO<\/strong><\/span>. <\/em><\/span><\/p>\n<p style=\"text-align: justify;\"><span style=\"font-size: 115%; color: #000000;\"><em><span style=\"color: #000000;\">Nh\u1eb1m \u0111\u1ea3m b\u1ea3o qu\u00e1 tr\u00ecnh h\u1ee3p t\u00e1c di\u1ec5n ra thu\u1eadn l\u1ee3i, <span style=\"color: #164fa2;\"><strong>VINATICKET <\/strong><\/span><\/span><span style=\"color: #000000;\">xin g\u1eedi \u0111\u1ebfn Qu\u00fd kh\u00e1ch <\/span><\/em><span style=\"color: #0000ff;\"><strong><a style=\"color: #0000ff;\" href=\"https:\/\/vinaticket.vn\/en\/dieu-khoan-thanh-toan\/\">Payment Terms<\/a><\/strong><\/span><em><span style=\"color: #000000;\">, trong \u0111\u00f3 quy \u0111\u1ecbnh r\u00f5 c\u00e1c h\u00ecnh th\u1ee9c, ph\u01b0\u01a1ng th\u1ee9c thanh to\u00e1n, th\u1eddi h\u1ea1n v\u00e0 ngh\u0129a v\u1ee5 thanh to\u00e1n. <\/span><\/em><\/span><\/p>\n<p style=\"text-align: justify;\"><span style=\"font-size: 115%; color: #000000;\"><em>Qu\u00fd kh\u00e1ch vui l\u00f2ng \u0111\u1ecdc k\u1ef9 c\u00e1c \u0111i\u1ec1u kho\u1ea3n v\u1ec1 \u201c\u0110i\u1ec1u kho\u1ea3n thanh to\u00e1n\u201d sau:<\/em><\/span><\/p>\n<h2 style=\"text-align: justify;\"><strong style=\"color: #000000; font-size: 115%;\">1. \u0110I\u1ec0U KHO\u1ea2N B\u1eaeT BU\u1ed8C KHI THANH TO\u00c1N ONLINE<\/strong><\/h2>\n<h3 style=\"text-align: justify;\"><span style=\"font-size: 115%; color: #000000;\"><strong>1.1. \u0110i\u1ec1u kho\u1ea3n chung<\/strong><\/span><\/h3>\n<ul>\n<li style=\"text-align: justify;\"><span style=\"font-size: 115%; color: #000000;\">Gi\u00e1 t\u1ea5t c\u1ea3 c\u00e1c d\u1ecbch v\u1ee5 \u0111\u01b0\u1ee3c t\u00ednh theo \u0111\u01a1n v\u1ecb ti\u1ec1n t\u1ec7 c\u1ee7a Vi\u1ec7t Nam (VN\u0110).<\/span><\/li>\n<li style=\"text-align: justify;\"><span style=\"font-size: 115%; color: #000000;\">Gi\u00e1 v\u00e9 tham quan \u0111\u1ec1u \u0111\u00e3 bao g\u1ed3m thu\u1ebf, ph\u00ed v\u00e0 c\u00e1c ph\u1ee5 thu, tr\u1eeb khi c\u00f3 quy \u0111\u1ecbnh n\u00e0o kh\u00e1c.<\/span><\/li>\n<li style=\"text-align: justify;\"><span style=\"font-size: 115%; color: #000000;\">Tr\u01b0\u1eddng h\u1ee3p kh\u00e1ch thanh to\u00e1n b\u1eb1ng USD, s\u1ed1 ti\u1ec1n s\u1ebd \u0111\u01b0\u1ee3c quy \u0111\u1ed5i ra VN\u0110 theo t\u1ec9 gi\u00e1 c\u1ee7a Ng\u00e2n h\u00e0ng TMCP Ngo\u1ea1i th\u01b0\u01a1ng Vi\u1ec7t Nam t\u1ea1i th\u1eddi \u0111i\u1ec3m thanh to\u00e1n.<\/span><\/li>\n<\/ul>\n<h3 style=\"text-align: justify;\"><span style=\"font-size: 115%; color: #000000;\"><strong>1.2. Ti\u1ebfp nh\u1eadn th\u00f4ng tin v\u1ec1 d\u1ecbch v\u1ee5<\/strong><\/span><\/h3>\n<p style=\"text-align: justify;\"><span style=\"font-size: 115%; color: #000000;\">Tr\u01b0\u1edbc khi thanh to\u00e1n, <span style=\"color: #162fa2;\"><span style=\"color: #000000;\">Qu\u00fd kh\u00e1ch <\/span><\/span>vui l\u00f2ng \u0111\u1ecdc k\u1ef9 ch\u01b0\u01a1ng tr\u00ecnh, chi ph\u00ed, c\u00e1c kho\u1ea3n m\u1ee5c bao g\u1ed3m c\u0169ng nh\u01b0 kh\u00f4ng bao g\u1ed3m trong ch\u01b0\u01a1ng tr\u00ecnh, th\u00f4ng tin, s\u1ed1 l\u01b0\u1ee3ng v\u00e9\u2026<\/span><\/p>\n<p style=\"text-align: justify;\"><span style=\"font-size: 115%; color: #000000;\">Customers may personally or through an authorized representative confirm services, receive tickets, and make payments at the offices or branches of <span style=\"color: #000000;\"><span style=\"color: #164fa2;\"><strong>VINATICKET<\/strong><\/span><\/span>. <span style=\"color: #000000;\"><span style=\"color: #164fa2;\"><strong>VINATICKET<\/strong><\/span><\/span>\u00a0is only responsible for providing trip information to the customer who registers directly or through their authorized representative.<\/span><\/p>\n<p style=\"text-align: justify;\"><span style=\"font-size: 115%; color: #000000;\">Note: <span style=\"color: #000000;\"><span style=\"color: #164fa2;\"><strong>VINATICKET<\/strong><\/span><\/span>\u00a0will not be responsible in cases where the representative fails to deliver, or delivers incorrect trip information to the customer.<\/span><\/p>\n<h3 style=\"text-align: justify;\"><span style=\"font-size: 115%; color: #000000;\"><strong>1.3. Thanh to\u00e1n<\/strong><\/span><\/h3>\n<ul style=\"text-align: justify;\">\n<li><span style=\"font-size: 115%; color: #000000;\"><span style=\"color: #000000;\"><span style=\"color: #164fa2;\"><strong>VINATICKET <\/strong><\/span><\/span>ch\u1ea5p nh\u1eadn thanh to\u00e1n online qua Th\u1ebb ng\u00e2n h\u00e0ng n\u1ed9i \u0111\u1ecba ATM\/Internet Banking tr\u00ean h\u1ec7 th\u1ed1ng: vinago.com.vn.<\/span><\/li>\n<li><span style=\"font-size: 115%; color: #000000;\">Please complete all required information as instructed and make full payment to <span style=\"color: #000000;\"><span style=\"color: #164fa2;\"><strong>VINATICKET<\/strong><\/span><\/span>\u00a0according to the selected service package.<\/span><\/li>\n<li><span style=\"font-size: 115%; color: #000000;\">Payment is considered complete only when <span style=\"color: #000000;\"><span style=\"color: #164fa2;\"><strong>VINATICKET<\/strong><\/span><\/span> nh\u1eadn \u0111\u1ee7 ti\u1ec1n \u0111\u1eb7t tour\/v\u00e9 tham quan tr\u01b0\u1edbc ng\u00e0y kh\u1edfi h\u00e0nh theo quy \u0111\u1ecbnh. Tr\u01b0\u1eddng h\u1ee3p thanh to\u00e1n ch\u1eadm tr\u1ec5 d\u1eabn \u0111\u1ebfn h\u1ee7y d\u1ecbch v\u1ee5, <span style=\"color: #000000;\"><span style=\"color: #164fa2;\"><strong>VINATICKET<\/strong><\/span><\/span>\u00a0<strong>kh\u00f4ng ch\u1ecbu tr\u00e1ch nhi\u1ec7m<\/strong>.<\/span><\/li>\n<li><span style=\"font-size: 115%; color: #000000;\">A <span style=\"color: #000000;\"><span style=\"color: #164fa2;\"><strong>VINATICKET<\/strong><\/span><\/span>\u00a0representative will contact and confirm your booking within 10 minutes after the transaction is successfully completed.<\/span><\/li>\n<\/ul>\n<h2><strong style=\"color: #000000; font-size: 115%;\">2. C\u00c1C H\u00ccNH TH\u1ee8C THANH TO\u00c1N V\u00c0 NH\u1eacN D\u1ecaCH V\u1ee4 T\u1ea0I VINAGO<\/strong><\/h2>\n<h3 style=\"text-align: justify;\"><span style=\"font-size: 115%; color: #000000;\"><strong>2.1. Thanh to\u00e1n b\u1eb1ng ti\u1ec1n m\u1eb7t<\/strong><\/span><\/h3>\n<p style=\"text-align: justify;\"><span style=\"font-size: 115%; color: #000000;\">Customers can visit the main office of <span style=\"color: #164fa2;\"><strong>vinaticket<\/strong><\/span>\u00a0t\u1ea1i \u0110i\u0323a chi\u0309: 41 Phan Tri\u00eam, Ho\u0300a Xu\u00e2n, C\u00e2\u0309m L\u00ea\u0323, \u0110a\u0300 N\u0103\u0303ng \u0111\u1ec3 ti\u1ebfn h\u00e0nh thanh to\u00e1n, x\u00e1c nh\u1eadn d\u1ecbch v\u1ee5 ho\u1eb7c nh\u1eadn v\u00e9 tham quan.<\/span><\/p>\n<h3 style=\"text-align: justify;\"><span style=\"font-size: 115%; color: #000000;\"><strong>2.2. Thanh to\u00e1n b\u1eb1ng chuy\u1ec3n kho\u1ea3n (Ho\u1eb7c m\u00e3 QR)<\/strong><\/span><\/h3>\n<p style=\"text-align: justify;\"><span style=\"font-size: 115%; color: #000000;\">Bank Transfer Information:<\/span><\/p>\n<ul style=\"text-align: justify;\">\n<li><span style=\"font-size: 115%; color: #000000;\">T\u00ean t\u00e0i kho\u1ea3n: C\u00d4NG TY C\u1ed4 PH\u1ea6N DU L\u1ecaCH VINAGO<\/span><\/li>\n<li><span style=\"font-size: 115%; color: #000000;\">Account Number:<\/span><\/li>\n<li><span style=\"font-size: 115%; color: #000000;\">Ng\u00e2n h\u00e0ng:<\/span><\/li>\n<\/ul>\n<p style=\"text-align: justify;\"><span style=\"font-size: 115%; color: #000000;\">When making a bank transfer, please ensure that you enter the correct payment details as instructed on our website during the booking process. This will help us verify your payment promptly.<\/span><\/p>\n<p style=\"text-align: justify;\"><span style=\"font-size: 115%; color: #000000;\">L\u01b0u \u00fd: \u0110\u1ec3 b\u1ea3o \u0111\u1ea3m \u0111\u00fang quy \u0111\u1ecbnh trong th\u1ee7 t\u1ee5c thanh to\u00e1n. Qu\u00fd kh\u00e1ch vui l\u00f2ng ch\u1ec9 thanh to\u00e1n qua s\u1ed1 t\u00e0i kho\u1ea3n <strong>VINAGO TOURISM JOINT STOCK COMPANY<\/strong>. Kh\u00f4ng thanh to\u00e1n qua b\u1ea5t k\u1ef3 t\u00e0i kho\u1ea3n c\u00e1 nh\u00e2n n\u00e0o.<\/span><\/p>\n<h3 style=\"text-align: justify;\"><span style=\"font-size: 115%; color: #000000;\"><strong>2.3. Thanh to\u00e1n qua VNPAY<\/strong><\/span><\/h3>\n<p style=\"text-align: justify;\"><span style=\"font-size: 115%; color: #000000;\">C\u1ed5ng thanh to\u00e1n VNPAY l\u00e0 gi\u1ea3i ph\u00e1p thanh to\u00e1n do C\u00f4ng ty C\u1ed5 ph\u1ea7n Gi\u1ea3i ph\u00e1p Thanh to\u00e1n Vi\u1ec7t Nam (VNPAY) ph\u00e1t tri\u1ec3n. Qu\u00fd kh\u00e1ch s\u1eed d\u1ee5ng th\u1ebb\/t\u00e0i kho\u1ea3n ng\u00e2n h\u00e0ng, t\u00ednh n\u0103ng QR Pay\/VNPAY-QR \u0111\u01b0\u1ee3c t\u00edch h\u1ee3p s\u1eb5n tr\u00ean \u1ee9ng d\u1ee5ng Mobile Banking c\u1ee7a c\u00e1c ng\u00e2n h\u00e0ng ho\u1eb7c V\u00ed \u0111i\u1ec7n t\u1eed li\u00ean k\u1ebft \u0111\u1ec3 thanh to\u00e1n c\u00e1c giao d\u1ecbch v\u00e0 nh\u1eadp m\u00e3 gi\u1ea3m gi\u00e1 (n\u1ebfu c\u00f3).<\/span><\/p>\n<p style=\"text-align: justify;\"><span style=\"font-size: 115%; color: #000000;\">C\u00e1c ph\u01b0\u01a1ng th\u1ee9c thanh to\u00e1n qua VNPAY, bao g\u1ed3m:<\/span><\/p>\n<ul style=\"text-align: justify;\">\n<li><span style=\"font-size: 115%; color: #000000;\">\u1ee8ng d\u1ee5ng thanh to\u00e1n h\u1ed7 tr\u1ee3 VNPAY-QR<\/span><\/li>\n<li><span style=\"font-size: 115%; color: #000000;\">Th\u1ebb n\u1ed9i \u0111\u1ecba v\u00e0 t\u00e0i kho\u1ea3n ng\u00e2n h\u00e0ng<\/span><\/li>\n<li><span style=\"font-size: 115%; color: #000000;\">Th\u1ebb thanh to\u00e1n qu\u1ed1c t\u1ebf<\/span><\/li>\n<li><span style=\"font-size: 115%; color: #000000;\">V\u00ed \u0111i\u1ec7n t\u1eed VNPAY<\/span><\/li>\n<\/ul>\n<h2 style=\"text-align: justify;\"><span style=\"font-size: 115%; color: #000000;\"><strong>3. <\/strong><strong>QUY TR\u00ccNH THANH TO\u00c1N PH\u00cd D\u1ecaCH V\u1ee4<\/strong><\/span><\/h2>\n<p style=\"text-align: justify;\"><span style=\"font-size: 115%; color: #000000;\"><em>Quy tr\u00ecnh thanh to\u00e1n ph\u00ed d\u1ecbch v\u1ee5 th\u00f4ng qua website <span style=\"color: #000000;\"><span style=\"color: #164fa2;\"><strong>VINATICKET <\/strong><\/span><\/span>\u0111\u01b0\u1ee3c th\u1ef1c hi\u1ec7n nh\u01b0 sau:<\/em><\/span><\/p>\n<p style=\"text-align: justify;\"><span style=\"font-size: 115%; color: #000000;\"><strong>Step 1:<\/strong> T\u1ea1i ph\u1ea7n \u0111\u1eb7t d\u1ecbch v\u1ee5, Qu\u00fd kh\u00e1ch tham kh\u1ea3o th\u00f4ng tin d\u1ecbch v\u1ee5, ch\u1ecdn m\u1ee5c ph\u00e2n lo\u1ea1i ph\u00f9 h\u1ee3p v\u1edbi nhu c\u1ea7u s\u1eed d\u1ee5ng. Sau \u0111\u00f3, nh\u1ea5n <strong>ADD TO CART<\/strong> or <strong>BUY NOW<\/strong>.<\/span><\/p>\n<p style=\"text-align: justify;\"><span style=\"font-size: 115%; color: #000000;\"><strong>Step 2:<\/strong> \u0110i\u1ec1n \u0111\u1ea7y \u0111\u1ee7 th\u00f4ng tin t\u1ea1i ph\u1ea7n <strong>PAYMENT INFORMATION<\/strong><\/span><\/p>\n<p style=\"text-align: justify;\"><span style=\"font-size: 115%; color: #000000;\"><strong>Step 3:<\/strong> Nh\u1ea5n <strong>PLACE ORDER <\/strong>v\u00e0 ti\u1ebfn h\u00e0nh ki\u1ec3m tra, \u0111\u1ed1i chi\u1ebfu, xem l\u1ea1i \u0111\u01a1n h\u00e0ng tr\u01b0\u1edbc khi ho\u00e0n t\u1ea5t giao d\u1ecbch.<\/span><\/p>\n<p style=\"text-align: justify;\"><span style=\"font-size: 115%; color: #000000;\"><strong>Step 4:<\/strong> Th\u1ef1c hi\u1ec7n thanh to\u00e1n<\/span><\/p>\n<p style=\"text-align: justify;\"><span style=\"font-size: 115%; color: #000000;\"><strong>Step 5:<\/strong> Ki\u1ec3m tra email \u0111\u00e3 \u0111\u0103ng k\u00fd c\u1ee7a Qu\u00fd kh\u00e1ch \u0111\u1ec3 ki\u1ec3m tra to\u00e0n b\u1ed9 th\u00f4ng tin \u0111\u01a1n h\u00e0ng \u0111\u00e3 \u0111\u1eb7t.<\/span><\/p>\n<p style=\"text-align: justify;\"><span style=\"font-size: 115%; color: #000000;\"><strong>Step 6:<\/strong> Qu\u00fd kh\u00e1ch vui l\u00f2ng ch\u1edd trong v\u00f2ng 10 ph\u00fat \u0111\u1ec3 nh\u00e2n vi\u00ean <span style=\"color: #000000;\"><span style=\"color: #164fa2;\"><strong>VINATICKET<\/strong><\/span><\/span>\u00a0li\u00ean h\u1ec7 x\u00e1c nh\u1eadn d\u1ecbch v\u1ee5 \u0111\u00e3 \u0111\u1eb7t v\u00e0 cung c\u1ea5p d\u1ecbch v\u1ee5 qua email. Ho\u1eb7c Qu\u00fd kh\u00e1ch c\u00f3 th\u1ec3 ch\u1ee7 \u0111\u1ed9ng g\u1eedi \u1ee6y nhi\u1ec7m chi (qua zalo\/ mail) v\u1ec1 c\u00f4ng ty v\u00e0 li\u00ean h\u1ec7 nh\u00e2n vi\u00ean ph\u1ee5 tr\u00e1ch \u0111\u1ec3 x\u00e1c nh\u1eadn d\u1ecbch v\u1ee5\/nh\u1eadn v\u00e9 tham quan qua email vinago@dng.vn.<\/span><\/p>\n<p style=\"text-align: justify;\"><span style=\"font-size: 115%; color: #000000;\">If you have any questions about the payment process or need further assistance, please contact <span style=\"color: #000000;\"><span style=\"color: #164fa2;\"><strong>VINATICKET <\/strong><\/span><\/span>via:<\/span><\/p>\n<ul>\n<li style=\"text-align: justify;\"><span style=\"font-size: 115%; color: #000000;\"><strong>HOTLINE: <span style=\"color: #ed1c24;\">0898 888 404<\/span><\/strong><\/span><\/li>\n<li style=\"text-align: justify;\"><span style=\"font-size: 115%; color: #000000;\"><strong>Email: vinago@dng.vn<\/strong><\/span><\/li>\n<\/ul>\n<p style=\"text-align: justify;\"><span style=\"font-size: 115%; color: #000000;\">Our support team is always ready to assist you quickly and professionally.<\/span><\/p>\n<p style=\"text-align: justify;\"><span style=\"font-size: 115%; color: #000000;\">Once again, <span style=\"color: #000000;\"><span style=\"color: #164fa2;\"><strong>VINATICKET<\/strong><\/span><\/span><strong>\u00a0sincerely thanks you<\/strong> for your trust and support.\nWe wish you a pleasant and memorable journey!<\/span><\/p>\n<p style=\"text-align: justify;\"><span style=\"font-size: 115%; color: #000000;\"><strong>Sincerely,<\/strong><\/span><br \/>\n<span style=\"font-size: 115%; color: #000000;\"><span style=\"color: #000000;\"><span style=\"color: #164fa2;\"><strong>VINATICKET<\/strong><\/span><\/span><\/span><\/p>","protected":false},"excerpt":{"rendered":"<p>K\u00ednh g\u1eedi Qu\u00fd kh\u00e1ch h\u00e0ng, VINATICKET l\u00e0 h\u1ec7 th\u1ed1ng \u0111\u1eb7t v\u00e9 tr\u1ef1c tuy\u1ebfn c\u1ee7a VINAGO \u2013 \u0111\u01a1n v\u1ecb l\u1eef h\u00e0nh uy t\u00edn t\u1ea1i \u0110\u00e0 N\u1eb5ng. Ch\u00fang t\u00f4i tr\u00e2n tr\u1ecdng c\u1ea3m \u01a1n Qu\u00fd kh\u00e1ch \u0111\u00e3 tin t\u01b0\u1edfng d\u1ecbch v\u1ee5 c\u1ee7a VINAGO. Nh\u1eb1m \u0111\u1ea3m b\u1ea3o qu\u00e1 tr\u00ecnh h\u1ee3p t\u00e1c di\u1ec5n ra thu\u1eadn l\u1ee3i, VINATICKET xin g\u1eedi \u0111\u1ebfn&#8230;<\/p>","protected":false},"author":1,"featured_media":0,"parent":0,"menu_order":0,"comment_status":"closed","ping_status":"closed","template":"page-right-sidebar.php","meta":{"_acf_changed":false,"footnotes":""},"class_list":["post-491","page","type-page","status-publish","hentry"],"acf":[],"yoast_head":"<!-- This site is optimized with the Yoast SEO Premium plugin v22.3 (Yoast SEO v27.2) - https:\/\/yoast.com\/product\/yoast-seo-premium-wordpress\/ -->\n<title>\u0110i\u1ec1u kho\u1ea3n thanh to\u00e1n - VINATICKET<\/title>\n<meta name=\"description\" content=\"\u0110i\u1ec1u kho\u1ea3n thanh to\u00e1n trong \u0111\u00f3 quy \u0111\u1ecbnh r\u00f5 c\u00e1c h\u00ecnh th\u1ee9c, ph\u01b0\u01a1ng th\u1ee9c thanh to\u00e1n, th\u1eddi h\u1ea1n v\u00e0 ngh\u0129a v\u1ee5 thanh to\u00e1n.\" \/>\n<meta name=\"robots\" content=\"index, follow, max-snippet:-1, max-image-preview:large, max-video-preview:-1\" \/>\n<link rel=\"canonical\" href=\"https:\/\/vinaticket.vn\/en\/dieu-khoan-thanh-toan\/\" \/>\n<meta property=\"og:locale\" content=\"en_US\" \/>\n<meta property=\"og:type\" content=\"article\" \/>\n<meta property=\"og:title\" content=\"\u0110i\u1ec1u kho\u1ea3n thanh to\u00e1n\" \/>\n<meta property=\"og:description\" content=\"\u0110i\u1ec1u kho\u1ea3n thanh to\u00e1n trong \u0111\u00f3 quy \u0111\u1ecbnh r\u00f5 c\u00e1c h\u00ecnh th\u1ee9c, ph\u01b0\u01a1ng th\u1ee9c thanh to\u00e1n, th\u1eddi h\u1ea1n v\u00e0 ngh\u0129a v\u1ee5 thanh to\u00e1n.\" \/>\n<meta property=\"og:url\" content=\"https:\/\/vinaticket.vn\/en\/dieu-khoan-thanh-toan\/\" \/>\n<meta property=\"og:site_name\" content=\"VINATICKET\" \/>\n<meta property=\"article:publisher\" content=\"https:\/\/www.facebook.com\/vinago.tour\" \/>\n<meta property=\"article:modified_time\" content=\"2025-09-22T04:16:51+00:00\" \/>\n<meta name=\"twitter:card\" content=\"summary_large_image\" \/>\n<meta name=\"twitter:label1\" content=\"Est. reading time\" \/>\n\t<meta name=\"twitter:data1\" content=\"6 minutes\" \/>\n<script type=\"application\/ld+json\" class=\"yoast-schema-graph\">{\"@context\":\"https:\/\/schema.org\",\"@graph\":[{\"@type\":\"WebPage\",\"@id\":\"https:\/\/vinaticket.vn\/dieu-khoan-thanh-toan\",\"url\":\"https:\/\/vinaticket.vn\/dieu-khoan-thanh-toan\",\"name\":\"\u0110i\u1ec1u kho\u1ea3n thanh to\u00e1n - VINATICKET\",\"isPartOf\":{\"@id\":\"https:\/\/vinaticket.vn\/#website\"},\"datePublished\":\"2025-03-03T08:41:09+00:00\",\"dateModified\":\"2025-09-22T04:16:51+00:00\",\"description\":\"\u0110i\u1ec1u kho\u1ea3n thanh to\u00e1n trong \u0111\u00f3 quy \u0111\u1ecbnh r\u00f5 c\u00e1c h\u00ecnh th\u1ee9c, ph\u01b0\u01a1ng th\u1ee9c thanh to\u00e1n, th\u1eddi h\u1ea1n v\u00e0 ngh\u0129a v\u1ee5 thanh to\u00e1n.\",\"breadcrumb\":{\"@id\":\"https:\/\/vinaticket.vn\/dieu-khoan-thanh-toan#breadcrumb\"},\"inLanguage\":\"en-US\",\"potentialAction\":[{\"@type\":\"ReadAction\",\"target\":[\"https:\/\/vinaticket.vn\/dieu-khoan-thanh-toan\"]}]},{\"@type\":\"BreadcrumbList\",\"@id\":\"https:\/\/vinaticket.vn\/dieu-khoan-thanh-toan#breadcrumb\",\"itemListElement\":[{\"@type\":\"ListItem\",\"position\":1,\"name\":\"Home\",\"item\":\"https:\/\/vinaticket.vn\/\"},{\"@type\":\"ListItem\",\"position\":2,\"name\":\"\u0110i\u1ec1u kho\u1ea3n thanh to\u00e1n\"}]},{\"@type\":\"WebSite\",\"@id\":\"https:\/\/vinaticket.vn\/#website\",\"url\":\"https:\/\/vinaticket.vn\/\",\"name\":\"VINATICKET\",\"description\":\"H\u1ec7 th\u1ed1ng \u0111\u1eb7t v\u00e9 tr\u1ef1c tuy\u1ebfn\",\"publisher\":{\"@id\":\"https:\/\/vinaticket.vn\/#organization\"},\"potentialAction\":[{\"@type\":\"SearchAction\",\"target\":{\"@type\":\"EntryPoint\",\"urlTemplate\":\"https:\/\/vinaticket.vn\/?s={search_term_string}\"},\"query-input\":{\"@type\":\"PropertyValueSpecification\",\"valueRequired\":true,\"valueName\":\"search_term_string\"}}],\"inLanguage\":\"en-US\"},{\"@type\":\"Organization\",\"@id\":\"https:\/\/vinaticket.vn\/#organization\",\"name\":\"VINATICKET\",\"url\":\"https:\/\/vinaticket.vn\/\",\"logo\":{\"@type\":\"ImageObject\",\"inLanguage\":\"en-US\",\"@id\":\"https:\/\/vinaticket.vn\/#\/schema\/logo\/image\/\",\"url\":\"https:\/\/vinaticket.vn\/wp-content\/uploads\/vinaticket-logo-03.png\",\"contentUrl\":\"https:\/\/vinaticket.vn\/wp-content\/uploads\/vinaticket-logo-03.png\",\"width\":1200,\"height\":1200,\"caption\":\"VINATICKET\"},\"image\":{\"@id\":\"https:\/\/vinaticket.vn\/#\/schema\/logo\/image\/\"},\"sameAs\":[\"https:\/\/www.facebook.com\/vinago.tour\"]}]}<\/script>\n<!-- \/ Yoast SEO Premium plugin. -->","yoast_head_json":{"title":"\u0110i\u1ec1u kho\u1ea3n thanh to\u00e1n - VINATICKET","description":"\u0110i\u1ec1u kho\u1ea3n thanh to\u00e1n trong \u0111\u00f3 quy \u0111\u1ecbnh r\u00f5 c\u00e1c h\u00ecnh th\u1ee9c, ph\u01b0\u01a1ng th\u1ee9c thanh to\u00e1n, th\u1eddi h\u1ea1n v\u00e0 ngh\u0129a v\u1ee5 thanh to\u00e1n.","robots":{"index":"index","follow":"follow","max-snippet":"max-snippet:-1","max-image-preview":"max-image-preview:large","max-video-preview":"max-video-preview:-1"},"canonical":"https:\/\/vinaticket.vn\/en\/dieu-khoan-thanh-toan\/","og_locale":"en_US","og_type":"article","og_title":"\u0110i\u1ec1u kho\u1ea3n thanh to\u00e1n","og_description":"\u0110i\u1ec1u kho\u1ea3n thanh to\u00e1n trong \u0111\u00f3 quy \u0111\u1ecbnh r\u00f5 c\u00e1c h\u00ecnh th\u1ee9c, ph\u01b0\u01a1ng th\u1ee9c thanh to\u00e1n, th\u1eddi h\u1ea1n v\u00e0 ngh\u0129a v\u1ee5 thanh to\u00e1n.","og_url":"https:\/\/vinaticket.vn\/en\/dieu-khoan-thanh-toan\/","og_site_name":"VINATICKET","article_publisher":"https:\/\/www.facebook.com\/vinago.tour","article_modified_time":"2025-09-22T04:16:51+00:00","twitter_card":"summary_large_image","twitter_misc":{"Est. reading time":"6 minutes"},"schema":{"@context":"https:\/\/schema.org","@graph":[{"@type":"WebPage","@id":"https:\/\/vinaticket.vn\/dieu-khoan-thanh-toan","url":"https:\/\/vinaticket.vn\/dieu-khoan-thanh-toan","name":"\u0110i\u1ec1u kho\u1ea3n thanh to\u00e1n - VINATICKET","isPartOf":{"@id":"https:\/\/vinaticket.vn\/#website"},"datePublished":"2025-03-03T08:41:09+00:00","dateModified":"2025-09-22T04:16:51+00:00","description":"\u0110i\u1ec1u kho\u1ea3n thanh to\u00e1n trong \u0111\u00f3 quy \u0111\u1ecbnh r\u00f5 c\u00e1c h\u00ecnh th\u1ee9c, ph\u01b0\u01a1ng th\u1ee9c thanh to\u00e1n, th\u1eddi h\u1ea1n v\u00e0 ngh\u0129a v\u1ee5 thanh to\u00e1n.","breadcrumb":{"@id":"https:\/\/vinaticket.vn\/dieu-khoan-thanh-toan#breadcrumb"},"inLanguage":"en-US","potentialAction":[{"@type":"ReadAction","target":["https:\/\/vinaticket.vn\/dieu-khoan-thanh-toan"]}]},{"@type":"BreadcrumbList","@id":"https:\/\/vinaticket.vn\/dieu-khoan-thanh-toan#breadcrumb","itemListElement":[{"@type":"ListItem","position":1,"name":"Home","item":"https:\/\/vinaticket.vn\/"},{"@type":"ListItem","position":2,"name":"\u0110i\u1ec1u kho\u1ea3n thanh to\u00e1n"}]},{"@type":"WebSite","@id":"https:\/\/vinaticket.vn\/#website","url":"https:\/\/vinaticket.vn\/","name":"VINATICKET","description":"H\u1ec7 th\u1ed1ng \u0111\u1eb7t v\u00e9 tr\u1ef1c tuy\u1ebfn","publisher":{"@id":"https:\/\/vinaticket.vn\/#organization"},"potentialAction":[{"@type":"SearchAction","target":{"@type":"EntryPoint","urlTemplate":"https:\/\/vinaticket.vn\/?s={search_term_string}"},"query-input":{"@type":"PropertyValueSpecification","valueRequired":true,"valueName":"search_term_string"}}],"inLanguage":"en-US"},{"@type":"Organization","@id":"https:\/\/vinaticket.vn\/#organization","name":"VINATICKET","url":"https:\/\/vinaticket.vn\/","logo":{"@type":"ImageObject","inLanguage":"en-US","@id":"https:\/\/vinaticket.vn\/#\/schema\/logo\/image\/","url":"https:\/\/vinaticket.vn\/wp-content\/uploads\/vinaticket-logo-03.png","contentUrl":"https:\/\/vinaticket.vn\/wp-content\/uploads\/vinaticket-logo-03.png","width":1200,"height":1200,"caption":"VINATICKET"},"image":{"@id":"https:\/\/vinaticket.vn\/#\/schema\/logo\/image\/"},"sameAs":["https:\/\/www.facebook.com\/vinago.tour"]}]}},"_links":{"self":[{"href":"https:\/\/vinaticket.vn\/en\/wp-json\/wp\/v2\/pages\/491","targetHints":{"allow":["GET"]}}],"collection":[{"href":"https:\/\/vinaticket.vn\/en\/wp-json\/wp\/v2\/pages"}],"about":[{"href":"https:\/\/vinaticket.vn\/en\/wp-json\/wp\/v2\/types\/page"}],"author":[{"embeddable":true,"href":"https:\/\/vinaticket.vn\/en\/wp-json\/wp\/v2\/users\/1"}],"replies":[{"embeddable":true,"href":"https:\/\/vinaticket.vn\/en\/wp-json\/wp\/v2\/comments?post=491"}],"version-history":[{"count":7,"href":"https:\/\/vinaticket.vn\/en\/wp-json\/wp\/v2\/pages\/491\/revisions"}],"predecessor-version":[{"id":5134,"href":"https:\/\/vinaticket.vn\/en\/wp-json\/wp\/v2\/pages\/491\/revisions\/5134"}],"wp:attachment":[{"href":"https:\/\/vinaticket.vn\/en\/wp-json\/wp\/v2\/media?parent=491"}],"curies":[{"name":"wp","href":"https:\/\/api.w.org\/{rel}","templated":true}]}}