{"id":5088,"date":"2025-09-16T09:26:14","date_gmt":"2025-09-16T09:26:14","guid":{"rendered":"https:\/\/vinaticket.vn\/?page_id=5088"},"modified":"2025-10-07T01:51:04","modified_gmt":"2025-10-07T01:51:04","slug":"tin-tuc","status":"publish","type":"page","link":"https:\/\/vinaticket.vn\/en\/tin-tuc","title":{"rendered":"News"},"content":{"rendered":"<div id=\"ez-toc-container\" class=\"ez-toc-v2_0_82_1 counter-hierarchy ez-toc-counter ez-toc-custom ez-toc-container-direction\">\n<div class=\"ez-toc-title-container\">\n<p class=\"ez-toc-title\" style=\"cursor:inherit\">Article content <\/p>\n<span class=\"ez-toc-title-toggle\"><a href=\"#\" class=\"ez-toc-pull-right ez-toc-btn ez-toc-btn-xs ez-toc-btn-default ez-toc-toggle\" aria-label=\"Toggle Table of Content\"><span class=\"ez-toc-js-icon-con\"><span class=\"\"><span class=\"eztoc-hide\" style=\"display:none;\">Toggle<\/span><span class=\"ez-toc-icon-toggle-span\"><svg style=\"fill: #f79400;color:#f79400\" xmlns=\"http:\/\/www.w3.org\/2000\/svg\" class=\"list-377408\" width=\"20px\" height=\"20px\" viewbox=\"0 0 24 24\" fill=\"none\"><path d=\"M6 6H4v2h2V6zm14 0H8v2h12V6zM4 11h2v2H4v-2zm16 0H8v2h12v-2zM4 16h2v2H4v-2zm16 0H8v2h12v-2z\" fill=\"currentColor\"><\/path><\/svg><svg style=\"fill: #f79400;color:#f79400\" class=\"arrow-unsorted-368013\" xmlns=\"http:\/\/www.w3.org\/2000\/svg\" width=\"10px\" height=\"10px\" viewbox=\"0 0 24 24\" version=\"1.2\" baseprofile=\"tiny\"><path d=\"M18.2 9.3l-6.2-6.3-6.2 6.3c-.2.2-.3.4-.3.7s.1.5.3.7c.2.2.4.3.7.3h11c.3 0 .5-.1.7-.3.2-.2.3-.5.3-.7s-.1-.5-.3-.7zM5.8 14.7l6.2 6.3 6.2-6.3c.2-.2.3-.5.3-.7s-.1-.5-.3-.7c-.2-.2-.4-.3-.7-.3h-11c-.3 0-.5.1-.7.3-.2.2-.3.5-.3.7s.1.5.3.7z\"\/><\/svg><\/span><\/span><\/span><\/a><\/span><\/div>\n<nav><ul class='ez-toc-list ez-toc-list-level-1 eztoc-toggle-hide-by-default' ><li class='ez-toc-page-1 ez-toc-heading-level-2'><a class=\"ez-toc-link ez-toc-heading-1\" href=\"https:\/\/vinaticket.vn\/en\/cong-ty-du-lich-da-nang\/#TONG_QUAN_DU_LICH_DA_NANG\" >OVERVIEW OF DA NANG TOURISM<\/a><\/li><li class='ez-toc-page-1 ez-toc-heading-level-2'><a class=\"ez-toc-link ez-toc-heading-2\" href=\"https:\/\/vinaticket.vn\/en\/cong-ty-du-lich-da-nang\/#TOP_3_CONG_TY_DU_LICH_DA_NANG_CHAT_LUONG_2026\" >TOP 3 BEST TRAVEL COMPANIES IN DA NANG 2026<\/a><ul class='ez-toc-list-level-3' ><li class='ez-toc-heading-level-3'><a class=\"ez-toc-link ez-toc-heading-3\" href=\"https:\/\/vinaticket.vn\/en\/cong-ty-du-lich-da-nang\/#CONG_TY_CO_PHAN_DU_LICH_DANAGO\" >DANAGO TRAVEL JOINT STOCK COMPANY<\/a><ul class='ez-toc-list-level-4' ><li class='ez-toc-heading-level-4'><a class=\"ez-toc-link ez-toc-heading-4\" href=\"https:\/\/vinaticket.vn\/en\/cong-ty-du-lich-da-nang\/#Kinh_nghiem_to_chuc\" >Organizational Experience<\/a><\/li><li class='ez-toc-page-1 ez-toc-heading-level-4'><a class=\"ez-toc-link ez-toc-heading-5\" href=\"https:\/\/vinaticket.vn\/en\/cong-ty-du-lich-da-nang\/#Dich_vu_noi_bat\" >Outstanding Services<\/a><\/li><li class='ez-toc-page-1 ez-toc-heading-level-4'><a class=\"ez-toc-link ez-toc-heading-6\" href=\"https:\/\/vinaticket.vn\/en\/cong-ty-du-lich-da-nang\/#Thong_tin_cong_ty_du_lich_DANAGO\" >DANAGO Travel Company Information<\/a><\/li><\/ul><\/li><li class='ez-toc-page-1 ez-toc-heading-level-3'><a class=\"ez-toc-link ez-toc-heading-7\" href=\"https:\/\/vinaticket.vn\/en\/cong-ty-du-lich-da-nang\/#CONG_TY_DU_LICH_SAIGON_TOURIST_%E2%80%93_CN_DA_NANG\" >SAIGON TOURIST TRAVEL COMPANY \u2013 DA NANG BRANCH<\/a><\/li><li class='ez-toc-page-1 ez-toc-heading-level-3'><a class=\"ez-toc-link ez-toc-heading-8\" href=\"https:\/\/vinaticket.vn\/en\/cong-ty-du-lich-da-nang\/#CONG_TY_DU_LICH_BENTHANH_TOURIST_%E2%80%93_CN_DA_NANG\" >BENTHANH TOURIST TRAVEL COMPANY \u2013 DA NANG BRANCH<\/a><\/li><\/ul><\/li><li class='ez-toc-page-1 ez-toc-heading-level-2'><a class=\"ez-toc-link ez-toc-heading-9\" href=\"https:\/\/vinaticket.vn\/en\/cong-ty-du-lich-da-nang\/#TIEU_CHI_LUA_CHON_CONG_TY_DU_LICH_DA_NANG_UY_TIN\" >CRITERIA FOR CHOOSING A REPUTABLE DA NANG TRAVEL COMPANY<\/a><ul class='ez-toc-list-level-3' ><li class='ez-toc-heading-level-3'><a class=\"ez-toc-link ez-toc-heading-10\" href=\"https:\/\/vinaticket.vn\/en\/cong-ty-du-lich-da-nang\/#Uy_tin_va_thuong_hieu\" >Reputation and Brand<\/a><\/li><li class='ez-toc-page-1 ez-toc-heading-level-3'><a class=\"ez-toc-link ez-toc-heading-11\" href=\"https:\/\/vinaticket.vn\/en\/cong-ty-du-lich-da-nang\/#Chat_luong_dich_vu_va_san_pham\" >Service and Product Quality<\/a><\/li><li class='ez-toc-page-1 ez-toc-heading-level-3'><a class=\"ez-toc-link ez-toc-heading-12\" href=\"https:\/\/vinaticket.vn\/en\/cong-ty-du-lich-da-nang\/#Doi_ngu_nhan_su_chuyen_nghiep\" >Professional Staff<\/a><\/li><li class='ez-toc-page-1 ez-toc-heading-level-3'><a class=\"ez-toc-link ez-toc-heading-13\" href=\"https:\/\/vinaticket.vn\/en\/cong-ty-du-lich-da-nang\/#Gia_ca_minh_bach_va_chinh_sach_ro_rang\" >Transparent Pricing and Clear Policies<\/a><\/li><li class='ez-toc-page-1 ez-toc-heading-level-3'><a class=\"ez-toc-link ez-toc-heading-14\" href=\"https:\/\/vinaticket.vn\/en\/cong-ty-du-lich-da-nang\/#Trai_nghiem_va_danh_gia_thuc_te\" >Real Experiences and Customer Reviews<\/a><\/li><\/ul><\/li><li class='ez-toc-page-1 ez-toc-heading-level-2'><a class=\"ez-toc-link ez-toc-heading-15\" href=\"https:\/\/vinaticket.vn\/en\/cong-ty-du-lich-da-nang\/#LIEN_HE_CONG_TY_DU_LICH_DA_NANG\" >CONTACT DA NANG TRAVEL COMPANIES<\/a><\/li><\/ul><\/nav><\/div>\n<div class=\"container section-title-container\" ><h2 class=\"section-title section-title-center\"><b aria-hidden=\"true\"><\/b><span class=\"section-title-main\" style=\"color:rgb(4, 74, 174);\">T\u1ed4NG H\u1ee2P NH\u1eeeNG TH\u00d4NG TIN H\u1eeeU \u00cdCH NH\u1ea4T<\/span><b aria-hidden=\"true\"><\/b><\/h2><\/div>\n\n\t<section class=\"section has-scroll-for-more\" id=\"section_526748134\">\n\t\t<div class=\"section-bg fill\" >\n\t\t\t\t\t\t\t\t\t<button class=\"scroll-for-more z-5 icon absolute bottom h-center\" aria-label=\"Scroll for more\"><i class=\"icon-angle-down\" aria-hidden=\"true\" style=\"font-size:42px;\"><\/i><\/button>\n\t\t\t\n\n\t\t<\/div>\n\n\t\t\n\n\t\t<div class=\"section-content relative\">\n\t\t\t\n\n  \n    <div class=\"row large-columns-3 medium-columns-1 small-columns-1 has-shadow row-box-shadow-1 slider row-slider slider-nav-reveal slider-nav-push\"  data-flickity-options='{&quot;imagesLoaded&quot;: true, &quot;groupCells&quot;: &quot;100%&quot;, &quot;dragThreshold&quot; : 5, &quot;cellAlign&quot;: &quot;left&quot;,&quot;wrapAround&quot;: true,&quot;prevNextButtons&quot;: true,&quot;percentPosition&quot;: true,&quot;pageDots&quot;: false, &quot;rightToLeft&quot;: false, &quot;autoPlay&quot; : 2000}' >\n\n  <div class=\"col post-item\" >\n\t\t\t<div class=\"col-inner\">\n\t\t\t\t<div class=\"box box-bounce box-text-bottom box-blog-post has-hover\">\n            \t\t\t\t\t<div class=\"box-image\" >\n  \t\t\t\t\t\t<div class=\"image-cover\" style=\"padding-top:56.25%;\">\n\t\t\t\t\t\t\t<a href=\"https:\/\/vinaticket.vn\/en\/huong-dan-dat-ve-ba-na-hills\" class=\"plain\" aria-label=\"Guide to Booking Ba Na Hills Tickets Online at VINATICKET.VN\">\n\t\t\t\t\t\t\t\t<img loading=\"lazy\" decoding=\"async\" width=\"581\" height=\"400\" src=\"https:\/\/vinaticket.vn\/wp-content\/uploads\/huong-dan-dat-ve-ba-na-hills-2-1-581x400.jpg\" class=\"attachment-medium size-medium wp-post-image\" alt=\"H\u01b0\u1edbng d\u1eabn \u0111\u1eb7t v\u00e9 B\u00e0 N\u00e0 Hills VINATICKET\" srcset=\"https:\/\/vinaticket.vn\/wp-content\/uploads\/huong-dan-dat-ve-ba-na-hills-2-1-581x400.jpg 581w, https:\/\/vinaticket.vn\/wp-content\/uploads\/huong-dan-dat-ve-ba-na-hills-2-1-768x529.jpg 768w, https:\/\/vinaticket.vn\/wp-content\/uploads\/huong-dan-dat-ve-ba-na-hills-2-1-18x12.jpg 18w, https:\/\/vinaticket.vn\/wp-content\/uploads\/huong-dan-dat-ve-ba-na-hills-2-1-600x413.jpg 600w, https:\/\/vinaticket.vn\/wp-content\/uploads\/huong-dan-dat-ve-ba-na-hills-2-1.jpg 770w\" sizes=\"auto, (max-width: 581px) 100vw, 581px\" \/>\t\t\t\t\t\t\t<\/a>\n  \t\t\t\t\t\t\t  \t\t\t\t\t\t\t  \t\t\t\t\t\t<\/div>\n  \t\t\t\t\t\t  \t\t\t\t\t<\/div>\n          \t\t\t\t\t<div class=\"box-text text-center\" >\n\t\t\t\t\t<div class=\"box-text-inner blog-post-inner\">\n\n\t\t\t\t\t\n\t\t\t\t\t\t\t\t\t\t<h5 class=\"post-title is-large\">\n\t\t\t\t\t\t<a href=\"https:\/\/vinaticket.vn\/en\/huong-dan-dat-ve-ba-na-hills\" class=\"plain\">Guide to Booking Ba Na Hills Tickets Online at VINATICKET.VN<\/a>\n\t\t\t\t\t<\/h5>\n\t\t\t\t\t\t\t\t\t\t<div class=\"is-divider\"><\/div>\n\t\t\t\t\t\t\t\t\t\t<p class=\"from_the_blog_excerpt\">\n\t\t\t\t\t\tH\u01b0\u1edbng d\u1eabn \u0111\u1eb7t v\u00e9 B\u00e0 N\u00e0 Hills online t\u1ea1i website...\t\t\t\t\t<\/p>\n\t\t\t\t\t                    \n\t\t\t\t\t\n\t\t\t\t\t\n\t\t\t\t\t<\/div>\n\t\t\t\t\t<\/div>\n\t\t\t\t\t\t\t\t\t\t\t\t\t\t\t\t<div class=\"badge absolute top post-date badge-square\">\n\t\t\t\t\t\t\t<div class=\"badge-inner\">\n\t\t\t\t\t\t\t\t<span class=\"post-date-day\">06<\/span><br>\n\t\t\t\t\t\t\t\t<span class=\"post-date-month is-xsmall\">Oct<\/span>\n\t\t\t\t\t\t\t<\/div>\n\t\t\t\t\t\t<\/div>\n\t\t\t\t\t\t\t\t\t<\/div>\n\t\t\t<\/div>\n\t\t<\/div><div class=\"col post-item\" >\n\t\t\t<div class=\"col-inner\">\n\t\t\t\t<div class=\"box box-bounce box-text-bottom box-blog-post has-hover\">\n            \t\t\t\t\t<div class=\"box-image\" >\n  \t\t\t\t\t\t<div class=\"image-cover\" style=\"padding-top:56.25%;\">\n\t\t\t\t\t\t\t<a href=\"https:\/\/vinaticket.vn\/en\/cong-ty-du-lich-da-nang\" class=\"plain\" aria-label=\"Top 3 most reputable travel companies in Da Nang 2026\">\n\t\t\t\t\t\t\t\t<img loading=\"lazy\" decoding=\"async\" width=\"667\" height=\"400\" src=\"https:\/\/vinaticket.vn\/wp-content\/uploads\/cong-ty-du-lich-da-nang-vinaticket-667x400.jpg\" class=\"attachment-medium size-medium wp-post-image\" alt=\"C\u00f4ng ty du l\u1ecbch \u0110\u00e0 N\u1eb5ng ch\u1ea5t l\u01b0\u1ee3ng 2025\" srcset=\"https:\/\/vinaticket.vn\/wp-content\/uploads\/cong-ty-du-lich-da-nang-vinaticket-667x400.jpg 667w, https:\/\/vinaticket.vn\/wp-content\/uploads\/cong-ty-du-lich-da-nang-vinaticket-768x461.jpg 768w, https:\/\/vinaticket.vn\/wp-content\/uploads\/cong-ty-du-lich-da-nang-vinaticket-18x12.jpg 18w, https:\/\/vinaticket.vn\/wp-content\/uploads\/cong-ty-du-lich-da-nang-vinaticket-600x360.jpg 600w, https:\/\/vinaticket.vn\/wp-content\/uploads\/cong-ty-du-lich-da-nang-vinaticket.jpg 1000w\" sizes=\"auto, (max-width: 667px) 100vw, 667px\" \/>\t\t\t\t\t\t\t<\/a>\n  \t\t\t\t\t\t\t  \t\t\t\t\t\t\t  \t\t\t\t\t\t<\/div>\n  \t\t\t\t\t\t  \t\t\t\t\t<\/div>\n          \t\t\t\t\t<div class=\"box-text text-center\" >\n\t\t\t\t\t<div class=\"box-text-inner blog-post-inner\">\n\n\t\t\t\t\t\n\t\t\t\t\t\t\t\t\t\t<h5 class=\"post-title is-large\">\n\t\t\t\t\t\t<a href=\"https:\/\/vinaticket.vn\/en\/cong-ty-du-lich-da-nang\" class=\"plain\">Top 3 most reputable travel companies in Da Nang 2026<\/a>\n\t\t\t\t\t<\/h5>\n\t\t\t\t\t\t\t\t\t\t<div class=\"is-divider\"><\/div>\n\t\t\t\t\t\t\t\t\t\t<p class=\"from_the_blog_excerpt\">\n\t\t\t\t\t\tC\u00f4ng ty du l\u1ecbch \u0110\u00e0 N\u1eb5ng \u0111\u1ec9nh cao ch\u1ea5t l\u01b0\u1ee3ng...\t\t\t\t\t<\/p>\n\t\t\t\t\t                    \n\t\t\t\t\t\n\t\t\t\t\t\n\t\t\t\t\t<\/div>\n\t\t\t\t\t<\/div>\n\t\t\t\t\t\t\t\t\t\t\t\t\t\t\t\t<div class=\"badge absolute top post-date badge-square\">\n\t\t\t\t\t\t\t<div class=\"badge-inner\">\n\t\t\t\t\t\t\t\t<span class=\"post-date-day\">17<\/span><br>\n\t\t\t\t\t\t\t\t<span class=\"post-date-month is-xsmall\">Sep<\/span>\n\t\t\t\t\t\t\t<\/div>\n\t\t\t\t\t\t<\/div>\n\t\t\t\t\t\t\t\t\t<\/div>\n\t\t\t<\/div>\n\t\t<\/div><\/div>\n\t\t<\/div>\n\n\t\t\n<style>\n#section_526748134 {\n  padding-top: 30px;\n  padding-bottom: 30px;\n}\n<\/style>\n\t<\/section>","protected":false},"excerpt":{"rendered":"","protected":false},"author":3,"featured_media":0,"parent":0,"menu_order":0,"comment_status":"closed","ping_status":"closed","template":"page-right-sidebar.php","meta":{"_acf_changed":false,"footnotes":""},"class_list":["post-5088","page","type-page","status-publish","hentry"],"acf":[],"yoast_head":"<!-- This site is optimized with the Yoast SEO Premium plugin v22.3 (Yoast SEO v27.2) - https:\/\/yoast.com\/product\/yoast-seo-premium-wordpress\/ -->\n<title>Tin t\u1ee9c - VINATICKET<\/title>\n<meta name=\"robots\" content=\"index, follow, max-snippet:-1, max-image-preview:large, max-video-preview:-1\" \/>\n<link rel=\"canonical\" href=\"https:\/\/vinaticket.vn\/en\/tin-tuc\/\" \/>\n<meta property=\"og:locale\" content=\"en_US\" \/>\n<meta property=\"og:type\" content=\"article\" \/>\n<meta property=\"og:title\" content=\"Tin t\u1ee9c\" \/>\n<meta property=\"og:url\" content=\"https:\/\/vinaticket.vn\/en\/tin-tuc\/\" \/>\n<meta property=\"og:site_name\" content=\"VINATICKET\" \/>\n<meta property=\"article:publisher\" content=\"https:\/\/www.facebook.com\/vinago.tour\" \/>\n<meta property=\"article:modified_time\" content=\"2025-10-07T01:51:04+00:00\" \/>\n<meta name=\"twitter:card\" content=\"summary_large_image\" \/>\n<meta name=\"twitter:label1\" content=\"Est. reading time\" \/>\n\t<meta name=\"twitter:data1\" content=\"1 minute\" \/>\n<script type=\"application\/ld+json\" class=\"yoast-schema-graph\">{\"@context\":\"https:\/\/schema.org\",\"@graph\":[{\"@type\":\"WebPage\",\"@id\":\"https:\/\/vinaticket.vn\/tin-tuc\",\"url\":\"https:\/\/vinaticket.vn\/tin-tuc\",\"name\":\"Tin t\u1ee9c - VINATICKET\",\"isPartOf\":{\"@id\":\"https:\/\/vinaticket.vn\/#website\"},\"datePublished\":\"2025-09-16T09:26:14+00:00\",\"dateModified\":\"2025-10-07T01:51:04+00:00\",\"breadcrumb\":{\"@id\":\"https:\/\/vinaticket.vn\/tin-tuc#breadcrumb\"},\"inLanguage\":\"en-US\",\"potentialAction\":[{\"@type\":\"ReadAction\",\"target\":[\"https:\/\/vinaticket.vn\/tin-tuc\"]}]},{\"@type\":\"BreadcrumbList\",\"@id\":\"https:\/\/vinaticket.vn\/tin-tuc#breadcrumb\",\"itemListElement\":[{\"@type\":\"ListItem\",\"position\":1,\"name\":\"Home\",\"item\":\"https:\/\/vinaticket.vn\/\"},{\"@type\":\"ListItem\",\"position\":2,\"name\":\"Tin t\u1ee9c\"}]},{\"@type\":\"WebSite\",\"@id\":\"https:\/\/vinaticket.vn\/#website\",\"url\":\"https:\/\/vinaticket.vn\/\",\"name\":\"VINATICKET\",\"description\":\"H\u1ec7 th\u1ed1ng \u0111\u1eb7t v\u00e9 tr\u1ef1c tuy\u1ebfn\",\"publisher\":{\"@id\":\"https:\/\/vinaticket.vn\/#organization\"},\"potentialAction\":[{\"@type\":\"SearchAction\",\"target\":{\"@type\":\"EntryPoint\",\"urlTemplate\":\"https:\/\/vinaticket.vn\/?s={search_term_string}\"},\"query-input\":{\"@type\":\"PropertyValueSpecification\",\"valueRequired\":true,\"valueName\":\"search_term_string\"}}],\"inLanguage\":\"en-US\"},{\"@type\":\"Organization\",\"@id\":\"https:\/\/vinaticket.vn\/#organization\",\"name\":\"VINATICKET\",\"url\":\"https:\/\/vinaticket.vn\/\",\"logo\":{\"@type\":\"ImageObject\",\"inLanguage\":\"en-US\",\"@id\":\"https:\/\/vinaticket.vn\/#\/schema\/logo\/image\/\",\"url\":\"https:\/\/vinaticket.vn\/wp-content\/uploads\/vinaticket-logo-03.png\",\"contentUrl\":\"https:\/\/vinaticket.vn\/wp-content\/uploads\/vinaticket-logo-03.png\",\"width\":1200,\"height\":1200,\"caption\":\"VINATICKET\"},\"image\":{\"@id\":\"https:\/\/vinaticket.vn\/#\/schema\/logo\/image\/\"},\"sameAs\":[\"https:\/\/www.facebook.com\/vinago.tour\"]}]}<\/script>\n<!-- \/ Yoast SEO Premium plugin. -->","yoast_head_json":{"title":"Tin t\u1ee9c - VINATICKET","robots":{"index":"index","follow":"follow","max-snippet":"max-snippet:-1","max-image-preview":"max-image-preview:large","max-video-preview":"max-video-preview:-1"},"canonical":"https:\/\/vinaticket.vn\/en\/tin-tuc\/","og_locale":"en_US","og_type":"article","og_title":"Tin t\u1ee9c","og_url":"https:\/\/vinaticket.vn\/en\/tin-tuc\/","og_site_name":"VINATICKET","article_publisher":"https:\/\/www.facebook.com\/vinago.tour","article_modified_time":"2025-10-07T01:51:04+00:00","twitter_card":"summary_large_image","twitter_misc":{"Est. reading time":"1 minute"},"schema":{"@context":"https:\/\/schema.org","@graph":[{"@type":"WebPage","@id":"https:\/\/vinaticket.vn\/tin-tuc","url":"https:\/\/vinaticket.vn\/tin-tuc","name":"Tin t\u1ee9c - VINATICKET","isPartOf":{"@id":"https:\/\/vinaticket.vn\/#website"},"datePublished":"2025-09-16T09:26:14+00:00","dateModified":"2025-10-07T01:51:04+00:00","breadcrumb":{"@id":"https:\/\/vinaticket.vn\/tin-tuc#breadcrumb"},"inLanguage":"en-US","potentialAction":[{"@type":"ReadAction","target":["https:\/\/vinaticket.vn\/tin-tuc"]}]},{"@type":"BreadcrumbList","@id":"https:\/\/vinaticket.vn\/tin-tuc#breadcrumb","itemListElement":[{"@type":"ListItem","position":1,"name":"Home","item":"https:\/\/vinaticket.vn\/"},{"@type":"ListItem","position":2,"name":"Tin t\u1ee9c"}]},{"@type":"WebSite","@id":"https:\/\/vinaticket.vn\/#website","url":"https:\/\/vinaticket.vn\/","name":"VINATICKET","description":"H\u1ec7 th\u1ed1ng \u0111\u1eb7t v\u00e9 tr\u1ef1c tuy\u1ebfn","publisher":{"@id":"https:\/\/vinaticket.vn\/#organization"},"potentialAction":[{"@type":"SearchAction","target":{"@type":"EntryPoint","urlTemplate":"https:\/\/vinaticket.vn\/?s={search_term_string}"},"query-input":{"@type":"PropertyValueSpecification","valueRequired":true,"valueName":"search_term_string"}}],"inLanguage":"en-US"},{"@type":"Organization","@id":"https:\/\/vinaticket.vn\/#organization","name":"VINATICKET","url":"https:\/\/vinaticket.vn\/","logo":{"@type":"ImageObject","inLanguage":"en-US","@id":"https:\/\/vinaticket.vn\/#\/schema\/logo\/image\/","url":"https:\/\/vinaticket.vn\/wp-content\/uploads\/vinaticket-logo-03.png","contentUrl":"https:\/\/vinaticket.vn\/wp-content\/uploads\/vinaticket-logo-03.png","width":1200,"height":1200,"caption":"VINATICKET"},"image":{"@id":"https:\/\/vinaticket.vn\/#\/schema\/logo\/image\/"},"sameAs":["https:\/\/www.facebook.com\/vinago.tour"]}]}},"_links":{"self":[{"href":"https:\/\/vinaticket.vn\/en\/wp-json\/wp\/v2\/pages\/5088","targetHints":{"allow":["GET"]}}],"collection":[{"href":"https:\/\/vinaticket.vn\/en\/wp-json\/wp\/v2\/pages"}],"about":[{"href":"https:\/\/vinaticket.vn\/en\/wp-json\/wp\/v2\/types\/page"}],"author":[{"embeddable":true,"href":"https:\/\/vinaticket.vn\/en\/wp-json\/wp\/v2\/users\/3"}],"replies":[{"embeddable":true,"href":"https:\/\/vinaticket.vn\/en\/wp-json\/wp\/v2\/comments?post=5088"}],"version-history":[{"count":16,"href":"https:\/\/vinaticket.vn\/en\/wp-json\/wp\/v2\/pages\/5088\/revisions"}],"predecessor-version":[{"id":5472,"href":"https:\/\/vinaticket.vn\/en\/wp-json\/wp\/v2\/pages\/5088\/revisions\/5472"}],"wp:attachment":[{"href":"https:\/\/vinaticket.vn\/en\/wp-json\/wp\/v2\/media?parent=5088"}],"curies":[{"name":"wp","href":"https:\/\/api.w.org\/{rel}","templated":true}]}}