{"id":5523,"date":"2025-10-16T02:50:04","date_gmt":"2025-10-16T02:50:04","guid":{"rendered":"https:\/\/vinaticket.vn\/?page_id=5523"},"modified":"2025-10-16T02:50:04","modified_gmt":"2025-10-16T02:50:04","slug":"dieu-kien-thanh-toan","status":"publish","type":"page","link":"https:\/\/vinaticket.vn\/en\/dieu-kien-thanh-toan","title":{"rendered":"Payment Terms"},"content":{"rendered":"<p style=\"text-align: justify;\"><span style=\"font-size: 115%; color: #000000;\"><strong><em>Dear Valued Customers,<\/em><\/strong><\/span><\/p>\n<p style=\"text-align: justify;\"><span style=\"font-size: 115%; color: #000000;\"><em>To ensure transparency and efficiency throughout our cooperation process, <span style=\"color: #164fa2;\"><strong>VINATICKET<\/strong><\/span> would like to provide you with the <strong><span style=\"color: #0000ff;\"><a style=\"color: #0000ff;\" href=\"https:\/\/vinaticket.vn\/en\/dieu-kien-thanh-toan\/\">Payment Terms<\/a><\/span><\/strong>which outline in detail the payment methods, timelines, and responsibilities. This is an important commitment to protect the rights and interests of both parties during the use of our services.<\/em><\/span><\/p>\n<p style=\"text-align: justify;\"><span style=\"font-size: 115%; color: #000000;\"><em>Please carefully read the terms below to ensure proper compliance and fulfillment of your payment obligations. <span style=\"color: #164fa2;\"><strong>VINATICKET<\/strong><\/span> is always ready to assist you and provide the best service experience possible.<\/em><\/span><\/p>\n<h3><strong><span style=\"font-size: 115%; color: #000000;\">MANDATORY TERMS FOR ONLINE PAYMENT<\/span><\/strong><\/h3>\n<h4 style=\"text-align: justify;\"><strong><span style=\"font-size: 115%; color: #000000;\">1. General Terms<\/span><\/strong><\/h4>\n<p style=\"text-align: justify;\"><span style=\"font-size: 115%; color: #000000;\">\u2013\u00a0\u00a0\u00a0 All service prices are quoted in Vietnamese Dong (VND).<\/span><\/p>\n<p style=\"text-align: justify;\"><span style=\"font-size: 115%; color: #000000;\">\u2013\u00a0\u00a0\u00a0 Ticket prices include taxes unless otherwise stated.<\/span><\/p>\n<p style=\"text-align: justify;\"><span style=\"font-size: 115%; color: #000000;\">\u2013\u00a0\u00a0\u00a0 In cases where customers make payments in USD, the amount will be converted to VND based on the exchange rate of Vietcombank (Joint Stock Commercial Bank for Foreign Trade of Vietnam) at the time of payment.<\/span><\/p>\n<h4 style=\"text-align: justify;\"><strong><span style=\"font-size: 115%; color: #000000;\">2. Service Information Confirmation<\/span><\/strong><\/h4>\n<p style=\"text-align: justify;\"><span style=\"font-size: 115%; color: #000000;\">Before making payment, please carefully review the program details, pricing, inclusions and exclusions, as well as ticket information and quantities.<\/span><\/p>\n<p style=\"text-align: justify;\"><span style=\"font-size: 115%; color: #000000;\">Customers may personally or through an authorized representative confirm services, receive tickets, and make payments at the offices or branches of <span style=\"color: #164fa2;\"><strong>VINATICKET<\/strong><\/span>. <span style=\"color: #164fa2;\"><strong>VINATICKET<\/strong><\/span> is only responsible for providing trip information to the customer who registers directly or through their authorized representative.<\/span><\/p>\n<p style=\"text-align: justify;\"><span style=\"font-size: 115%; color: #000000;\">Note: <span style=\"color: #164fa2;\"><strong>VINATICKET<\/strong><\/span> will not be responsible in cases where the representative fails to deliver, or delivers incorrect trip information to the customer.<\/span><\/p>\n<h4 style=\"text-align: justify;\"><strong><span style=\"font-size: 115%; color: #000000;\">3. Payment<\/span><\/strong><\/h4>\n<p style=\"text-align: justify;\"><span style=\"font-size: 115%; color: #000000;\"><span style=\"color: #164fa2;\"><strong>VINATICKET<\/strong><\/span> accepts online payments via domestic ATM cards and Internet Banking through the official website: vinaticket.vn<\/span><\/p>\n<p style=\"text-align: justify;\"><span style=\"font-size: 115%; color: #000000;\">Please complete all required information as instructed and make full payment to <span style=\"color: #164fa2;\"><strong>VINATICKET<\/strong><\/span> according to the selected service package.<\/span><\/p>\n<p style=\"text-align: justify;\"><span style=\"font-size: 115%; color: #000000;\">Payment is considered complete only when <span style=\"color: #164fa2;\"><strong>VINATICKET<\/strong><\/span> eceives the full ticket amount before the scheduled departure date, as stated in the regulations. In case of late payment resulting in service cancellation, <span style=\"color: #164fa2;\"><strong>VINATICKET<\/strong><\/span> will not be held responsible.<\/span><\/p>\n<p style=\"text-align: justify;\"><span style=\"font-size: 115%; color: #000000;\">A <span style=\"color: #164fa2;\"><strong>VINATICKET<\/strong><\/span> representative will contact and confirm your booking within 10 minutes after the transaction is successfully completed.<\/span><\/p>\n<h3 style=\"text-align: justify;\"><strong><span style=\"font-size: 115%; color: #000000;\">II. PAYMENT METHODS AND SERVICE REDEMPTION AT <span style=\"color: #164fa2;\">VINATICKET<\/span><\/span><\/strong><\/h3>\n<h4 style=\"text-align: justify;\"><strong><span style=\"font-size: 115%; color: #000000;\">1. Cash Payment<\/span><\/strong><\/h4>\n<p style=\"text-align: justify;\"><span style=\"font-size: 115%; color: #000000;\">Customers can visit the main office of <span style=\"color: #164fa2;\"><strong>VINATICKET<\/strong><\/span> at the following addresses to make payment, confirm services, or receive attraction tickets: <\/span><\/p>\n<ul>\n<li style=\"text-align: justify;\"><span style=\"font-size: 115%; color: #000000;\">Branch 1: 41 Phan Tri\u00eam, H\u00f2a Xu\u00e2n, \u0110\u00e0 N\u1eb5ng <\/span><\/li>\n<li style=\"text-align: justify;\"><span style=\"font-size: 115%; color: #000000;\">Branch 2: 128 H\u1ed3 Xu\u00e2n H\u01b0\u01a1ng, Ng\u0169 H\u00e0nh S\u01a1n, \u0110\u00e0 N\u1eb5ng<\/span><\/li>\n<\/ul>\n<p style=\"text-align: justify;\"><span style=\"font-size: 115%; color: #000000;\">To proceed with payment, confirm services, or collect attraction tickets.<\/span><\/p>\n<h4 style=\"text-align: justify;\"><strong><span style=\"font-size: 115%; color: #000000;\">2. Bank Transfer (or QR Code Payment)<\/span><\/strong><\/h4>\n<p><span style=\"font-size: 115%; color: #000000;\">Bank Transfer Information:<\/span><\/p>\n<ul>\n<li style=\"text-align: justify;\"><span style=\"font-size: 115%; color: #000000;\">Account Name: <strong>VINAGO TOURISM JOINT STOCK COMPANY<\/strong><\/span><\/li>\n<li style=\"text-align: justify;\"><span style=\"font-size: 115%; color: #000000;\">Account Number: <strong>888404<\/strong><\/span><\/li>\n<li style=\"text-align: justify;\"><span style=\"font-size: 115%; color: #000000;\">Bank: Vietnam Technological and Commercial Joint Stock Bank (Techcombank) \u2013 Da Nang Branch<\/span><\/li>\n<\/ul>\n<p style=\"text-align: justify;\"><span style=\"font-size: 115%; color: #000000;\">When making a bank transfer, please ensure that you enter the correct payment details as instructed on our website during the booking process. This will help us verify your payment promptly.<\/span><\/p>\n<p style=\"text-align: justify;\"><span style=\"font-size: 115%; color: #000000;\">Note: To comply with our payment policy, please make payments only to the official account of VINAGO TRAVEL JOINT STOCK COMPANY. Do not transfer money to any personal accounts under any circumstances.<\/span><\/p>\n<p style=\"text-align: justify;\"><span style=\"font-size: 115%; color: #000000;\">If you have any questions about the payment process or need further assistance, please contact <span style=\"color: #164fa2;\"><strong>VINATICKET<\/strong><\/span>\u00a0via <\/span><\/p>\n<ul>\n<li style=\"text-align: justify;\"><span style=\"font-size: 115%; color: #000000;\"><strong>HOTLINE: 0898 888 404<\/strong><\/span><\/li>\n<li style=\"text-align: justify;\"><span style=\"font-size: 115%; color: #000000;\"><strong>Email: vinago@dng.vn<\/strong><\/span><\/li>\n<\/ul>\n<p style=\"text-align: justify;\"><span style=\"font-size: 115%; color: #000000;\">Our support team is always ready to assist you quickly and professionally.<\/span><\/p>\n<p style=\"text-align: justify;\"><span style=\"font-size: 115%; color: #000000;\">Once again,<span style=\"color: #164fa2;\"><strong>VINATICKET<\/strong><\/span><strong>\u00a0sincerely thanks you<\/strong> for your trust and support.\nWe wish you a pleasant and memorable journey!<\/span><\/p>\n<p style=\"text-align: justify;\"><span style=\"font-size: 115%; color: #000000;\"><strong>Sincerely,<\/strong><\/span><br \/>\n<span style=\"font-size: 115%; color: #000000;\"><span style=\"color: #164fa2;\"><strong>VINATICKET<\/strong><\/span><\/span><\/p>","protected":false},"excerpt":{"rendered":"<p>K\u00ednh g\u1eedi Qu\u00fd kh\u00e1ch h\u00e0ng, Nh\u1eb1m \u0111\u1ea3m b\u1ea3o qu\u00e1 tr\u00ecnh h\u1ee3p t\u00e1c di\u1ec5n ra minh b\u1ea1ch v\u00e0 hi\u1ec7u qu\u1ea3, VINATICKET g\u1eedi \u0111\u1ebfn Qu\u00fd kh\u00e1ch \u0110i\u1ec1u kho\u1ea3n thanh to\u00e1n, quy \u0111\u1ecbnh chi ti\u1ebft v\u1ec1 ph\u01b0\u01a1ng th\u1ee9c, th\u1eddi h\u1ea1n v\u00e0 tr\u00e1ch nhi\u1ec7m thanh to\u00e1n. \u0110\u00e2y l\u00e0 cam k\u1ebft quan tr\u1ecdng \u0111\u1ec3 \u0111\u1ea3m b\u1ea3o quy\u1ec1n l\u1ee3i c\u1ee7a c\u1ea3&#8230;<\/p>","protected":false},"author":3,"featured_media":0,"parent":0,"menu_order":0,"comment_status":"closed","ping_status":"closed","template":"page-right-sidebar.php","meta":{"_acf_changed":false,"footnotes":""},"class_list":["post-5523","page","type-page","status-publish","hentry"],"acf":[],"yoast_head":"<!-- This site is optimized with the Yoast SEO Premium plugin v22.3 (Yoast SEO v27.2) - https:\/\/yoast.com\/product\/yoast-seo-premium-wordpress\/ -->\n<title>\u0110i\u1ec1u ki\u1ec7n thanh to\u00e1n - VINATICKET<\/title>\n<meta name=\"description\" content=\"\u0110i\u1ec1u kho\u1ea3n th\u00e0nh to\u00e1n c\u1ee7a VINATICKET quy \u0111\u1ecbnh v\u1ec1 ph\u01b0\u01a1ng th\u1ee9c thanh to\u00e1n \u0111\u1ec3 qu\u00e1 tr\u00ecnh \u0111\u1eb7t v\u00e9 c\u1ee7a qu\u00fd kh\u00e1ch di\u1ec5n ra m\u00ecnh b\u1ea1ch v\u00e0 hi\u1ec7u qu\u1ea3.\" \/>\n<meta name=\"robots\" content=\"index, follow, max-snippet:-1, max-image-preview:large, max-video-preview:-1\" \/>\n<link rel=\"canonical\" href=\"https:\/\/vinaticket.vn\/en\/dieu-kien-thanh-toan\/\" \/>\n<meta property=\"og:locale\" content=\"en_US\" \/>\n<meta property=\"og:type\" content=\"article\" \/>\n<meta property=\"og:title\" content=\"\u0110i\u1ec1u ki\u1ec7n thanh to\u00e1n\" \/>\n<meta property=\"og:description\" content=\"\u0110i\u1ec1u kho\u1ea3n th\u00e0nh to\u00e1n c\u1ee7a VINATICKET quy \u0111\u1ecbnh v\u1ec1 ph\u01b0\u01a1ng th\u1ee9c thanh to\u00e1n \u0111\u1ec3 qu\u00e1 tr\u00ecnh \u0111\u1eb7t v\u00e9 c\u1ee7a qu\u00fd kh\u00e1ch di\u1ec5n ra m\u00ecnh b\u1ea1ch v\u00e0 hi\u1ec7u qu\u1ea3.\" \/>\n<meta property=\"og:url\" content=\"https:\/\/vinaticket.vn\/en\/dieu-kien-thanh-toan\/\" \/>\n<meta property=\"og:site_name\" content=\"VINATICKET\" \/>\n<meta property=\"article:publisher\" content=\"https:\/\/www.facebook.com\/vinago.tour\" \/>\n<meta name=\"twitter:card\" content=\"summary_large_image\" \/>\n<meta name=\"twitter:label1\" content=\"Est. reading time\" \/>\n\t<meta name=\"twitter:data1\" content=\"4 minutes\" \/>\n<script type=\"application\/ld+json\" class=\"yoast-schema-graph\">{\"@context\":\"https:\/\/schema.org\",\"@graph\":[{\"@type\":\"WebPage\",\"@id\":\"https:\/\/vinaticket.vn\/dieu-kien-thanh-toan\",\"url\":\"https:\/\/vinaticket.vn\/dieu-kien-thanh-toan\",\"name\":\"\u0110i\u1ec1u ki\u1ec7n thanh to\u00e1n - VINATICKET\",\"isPartOf\":{\"@id\":\"https:\/\/vinaticket.vn\/#website\"},\"datePublished\":\"2025-10-16T02:50:04+00:00\",\"description\":\"\u0110i\u1ec1u kho\u1ea3n th\u00e0nh to\u00e1n c\u1ee7a VINATICKET quy \u0111\u1ecbnh v\u1ec1 ph\u01b0\u01a1ng th\u1ee9c thanh to\u00e1n \u0111\u1ec3 qu\u00e1 tr\u00ecnh \u0111\u1eb7t v\u00e9 c\u1ee7a qu\u00fd kh\u00e1ch di\u1ec5n ra m\u00ecnh b\u1ea1ch v\u00e0 hi\u1ec7u qu\u1ea3.\",\"breadcrumb\":{\"@id\":\"https:\/\/vinaticket.vn\/dieu-kien-thanh-toan#breadcrumb\"},\"inLanguage\":\"en-US\",\"potentialAction\":[{\"@type\":\"ReadAction\",\"target\":[\"https:\/\/vinaticket.vn\/dieu-kien-thanh-toan\"]}]},{\"@type\":\"BreadcrumbList\",\"@id\":\"https:\/\/vinaticket.vn\/dieu-kien-thanh-toan#breadcrumb\",\"itemListElement\":[{\"@type\":\"ListItem\",\"position\":1,\"name\":\"Home\",\"item\":\"https:\/\/vinaticket.vn\/\"},{\"@type\":\"ListItem\",\"position\":2,\"name\":\"\u0110i\u1ec1u ki\u1ec7n thanh to\u00e1n\"}]},{\"@type\":\"WebSite\",\"@id\":\"https:\/\/vinaticket.vn\/#website\",\"url\":\"https:\/\/vinaticket.vn\/\",\"name\":\"VINATICKET\",\"description\":\"H\u1ec7 th\u1ed1ng \u0111\u1eb7t v\u00e9 tr\u1ef1c tuy\u1ebfn\",\"publisher\":{\"@id\":\"https:\/\/vinaticket.vn\/#organization\"},\"potentialAction\":[{\"@type\":\"SearchAction\",\"target\":{\"@type\":\"EntryPoint\",\"urlTemplate\":\"https:\/\/vinaticket.vn\/?s={search_term_string}\"},\"query-input\":{\"@type\":\"PropertyValueSpecification\",\"valueRequired\":true,\"valueName\":\"search_term_string\"}}],\"inLanguage\":\"en-US\"},{\"@type\":\"Organization\",\"@id\":\"https:\/\/vinaticket.vn\/#organization\",\"name\":\"VINATICKET\",\"url\":\"https:\/\/vinaticket.vn\/\",\"logo\":{\"@type\":\"ImageObject\",\"inLanguage\":\"en-US\",\"@id\":\"https:\/\/vinaticket.vn\/#\/schema\/logo\/image\/\",\"url\":\"https:\/\/vinaticket.vn\/wp-content\/uploads\/vinaticket-logo-03.png\",\"contentUrl\":\"https:\/\/vinaticket.vn\/wp-content\/uploads\/vinaticket-logo-03.png\",\"width\":1200,\"height\":1200,\"caption\":\"VINATICKET\"},\"image\":{\"@id\":\"https:\/\/vinaticket.vn\/#\/schema\/logo\/image\/\"},\"sameAs\":[\"https:\/\/www.facebook.com\/vinago.tour\"]}]}<\/script>\n<!-- \/ Yoast SEO Premium plugin. -->","yoast_head_json":{"title":"\u0110i\u1ec1u ki\u1ec7n thanh to\u00e1n - VINATICKET","description":"\u0110i\u1ec1u kho\u1ea3n th\u00e0nh to\u00e1n c\u1ee7a VINATICKET quy \u0111\u1ecbnh v\u1ec1 ph\u01b0\u01a1ng th\u1ee9c thanh to\u00e1n \u0111\u1ec3 qu\u00e1 tr\u00ecnh \u0111\u1eb7t v\u00e9 c\u1ee7a qu\u00fd kh\u00e1ch di\u1ec5n ra m\u00ecnh b\u1ea1ch v\u00e0 hi\u1ec7u qu\u1ea3.","robots":{"index":"index","follow":"follow","max-snippet":"max-snippet:-1","max-image-preview":"max-image-preview:large","max-video-preview":"max-video-preview:-1"},"canonical":"https:\/\/vinaticket.vn\/en\/dieu-kien-thanh-toan\/","og_locale":"en_US","og_type":"article","og_title":"\u0110i\u1ec1u ki\u1ec7n thanh to\u00e1n","og_description":"\u0110i\u1ec1u kho\u1ea3n th\u00e0nh to\u00e1n c\u1ee7a VINATICKET quy \u0111\u1ecbnh v\u1ec1 ph\u01b0\u01a1ng th\u1ee9c thanh to\u00e1n \u0111\u1ec3 qu\u00e1 tr\u00ecnh \u0111\u1eb7t v\u00e9 c\u1ee7a qu\u00fd kh\u00e1ch di\u1ec5n ra m\u00ecnh b\u1ea1ch v\u00e0 hi\u1ec7u qu\u1ea3.","og_url":"https:\/\/vinaticket.vn\/en\/dieu-kien-thanh-toan\/","og_site_name":"VINATICKET","article_publisher":"https:\/\/www.facebook.com\/vinago.tour","twitter_card":"summary_large_image","twitter_misc":{"Est. reading time":"4 minutes"},"schema":{"@context":"https:\/\/schema.org","@graph":[{"@type":"WebPage","@id":"https:\/\/vinaticket.vn\/dieu-kien-thanh-toan","url":"https:\/\/vinaticket.vn\/dieu-kien-thanh-toan","name":"\u0110i\u1ec1u ki\u1ec7n thanh to\u00e1n - VINATICKET","isPartOf":{"@id":"https:\/\/vinaticket.vn\/#website"},"datePublished":"2025-10-16T02:50:04+00:00","description":"\u0110i\u1ec1u kho\u1ea3n th\u00e0nh to\u00e1n c\u1ee7a VINATICKET quy \u0111\u1ecbnh v\u1ec1 ph\u01b0\u01a1ng th\u1ee9c thanh to\u00e1n \u0111\u1ec3 qu\u00e1 tr\u00ecnh \u0111\u1eb7t v\u00e9 c\u1ee7a qu\u00fd kh\u00e1ch di\u1ec5n ra m\u00ecnh b\u1ea1ch v\u00e0 hi\u1ec7u qu\u1ea3.","breadcrumb":{"@id":"https:\/\/vinaticket.vn\/dieu-kien-thanh-toan#breadcrumb"},"inLanguage":"en-US","potentialAction":[{"@type":"ReadAction","target":["https:\/\/vinaticket.vn\/dieu-kien-thanh-toan"]}]},{"@type":"BreadcrumbList","@id":"https:\/\/vinaticket.vn\/dieu-kien-thanh-toan#breadcrumb","itemListElement":[{"@type":"ListItem","position":1,"name":"Home","item":"https:\/\/vinaticket.vn\/"},{"@type":"ListItem","position":2,"name":"\u0110i\u1ec1u ki\u1ec7n thanh to\u00e1n"}]},{"@type":"WebSite","@id":"https:\/\/vinaticket.vn\/#website","url":"https:\/\/vinaticket.vn\/","name":"VINATICKET","description":"H\u1ec7 th\u1ed1ng \u0111\u1eb7t v\u00e9 tr\u1ef1c tuy\u1ebfn","publisher":{"@id":"https:\/\/vinaticket.vn\/#organization"},"potentialAction":[{"@type":"SearchAction","target":{"@type":"EntryPoint","urlTemplate":"https:\/\/vinaticket.vn\/?s={search_term_string}"},"query-input":{"@type":"PropertyValueSpecification","valueRequired":true,"valueName":"search_term_string"}}],"inLanguage":"en-US"},{"@type":"Organization","@id":"https:\/\/vinaticket.vn\/#organization","name":"VINATICKET","url":"https:\/\/vinaticket.vn\/","logo":{"@type":"ImageObject","inLanguage":"en-US","@id":"https:\/\/vinaticket.vn\/#\/schema\/logo\/image\/","url":"https:\/\/vinaticket.vn\/wp-content\/uploads\/vinaticket-logo-03.png","contentUrl":"https:\/\/vinaticket.vn\/wp-content\/uploads\/vinaticket-logo-03.png","width":1200,"height":1200,"caption":"VINATICKET"},"image":{"@id":"https:\/\/vinaticket.vn\/#\/schema\/logo\/image\/"},"sameAs":["https:\/\/www.facebook.com\/vinago.tour"]}]}},"_links":{"self":[{"href":"https:\/\/vinaticket.vn\/en\/wp-json\/wp\/v2\/pages\/5523","targetHints":{"allow":["GET"]}}],"collection":[{"href":"https:\/\/vinaticket.vn\/en\/wp-json\/wp\/v2\/pages"}],"about":[{"href":"https:\/\/vinaticket.vn\/en\/wp-json\/wp\/v2\/types\/page"}],"author":[{"embeddable":true,"href":"https:\/\/vinaticket.vn\/en\/wp-json\/wp\/v2\/users\/3"}],"replies":[{"embeddable":true,"href":"https:\/\/vinaticket.vn\/en\/wp-json\/wp\/v2\/comments?post=5523"}],"version-history":[{"count":1,"href":"https:\/\/vinaticket.vn\/en\/wp-json\/wp\/v2\/pages\/5523\/revisions"}],"predecessor-version":[{"id":5524,"href":"https:\/\/vinaticket.vn\/en\/wp-json\/wp\/v2\/pages\/5523\/revisions\/5524"}],"wp:attachment":[{"href":"https:\/\/vinaticket.vn\/en\/wp-json\/wp\/v2\/media?parent=5523"}],"curies":[{"name":"wp","href":"https:\/\/api.w.org\/{rel}","templated":true}]}}